{"id":38290,"date":"2024-11-24T09:57:43","date_gmt":"2024-11-24T08:57:43","guid":{"rendered":"https:\/\/www.tems-us.si\/tems\/product\/hogert-vecnamenske-klesce\/"},"modified":"2025-02-25T22:02:31","modified_gmt":"2025-02-25T21:02:31","slug":"hogert-vecnamenske-klesce","status":"publish","type":"product","link":"https:\/\/www.tems-us.si\/tems\/product\/hogert-vecnamenske-klesce\/","title":{"rendered":"HOGERT VE\u010cNAMENSKE KLE\u0160\u010cE"},"content":{"rendered":"<p>Ve\u010dnamenske stranske kle\u0161\u010de<br \/>Artikel se prodaja na KOS<\/p>\n","protected":false},"excerpt":{"rendered":"<p>HT1P243<\/p>\n","protected":false},"featured_media":0,"template":"","meta":[],"product_brand":[],"product_cat":[857,802],"product_tag":[],"class_list":{"0":"post-38290","1":"product","2":"type-product","3":"status-publish","5":"product_cat-razno-15","6":"product_cat-rocno","8":"first","9":"onbackorder","10":"taxable","11":"shipping-taxable","12":"purchasable","13":"product-type-simple"},"_links":{"self":[{"href":"https:\/\/www.tems-us.si\/tems\/wp-json\/wp\/v2\/product\/38290","targetHints":{"allow":["GET"]}}],"collection":[{"href":"https:\/\/www.tems-us.si\/tems\/wp-json\/wp\/v2\/product"}],"about":[{"href":"https:\/\/www.tems-us.si\/tems\/wp-json\/wp\/v2\/types\/product"}],"version-history":[{"count":2,"href":"https:\/\/www.tems-us.si\/tems\/wp-json\/wp\/v2\/product\/38290\/revisions"}],"predecessor-version":[{"id":38361,"href":"https:\/\/www.tems-us.si\/tems\/wp-json\/wp\/v2\/product\/38290\/revisions\/38361"}],"wp:attachment":[{"href":"https:\/\/www.tems-us.si\/tems\/wp-json\/wp\/v2\/media?parent=38290"}],"wp:term":[{"taxonomy":"product_brand","embeddable":true,"href":"https:\/\/www.tems-us.si\/tems\/wp-json\/wp\/v2\/product_brand?post=38290"},{"taxonomy":"product_cat","embeddable":true,"href":"https:\/\/www.tems-us.si\/tems\/wp-json\/wp\/v2\/product_cat?post=38290"},{"taxonomy":"product_tag","embeddable":true,"href":"https:\/\/www.tems-us.si\/tems\/wp-json\/wp\/v2\/product_tag?post=38290"}],"curies":[{"name":"wp","href":"https:\/\/api.w.org\/{rel}","templated":true}]}}