{"id":38248,"date":"2024-11-24T09:57:21","date_gmt":"2024-11-24T08:57:21","guid":{"rendered":"https:\/\/www.tems-us.si\/tems\/product\/hogert-aku-krozna-zaga-18v\/"},"modified":"2024-11-24T09:57:21","modified_gmt":"2024-11-24T08:57:21","slug":"hogert-aku-krozna-zaga-18v","status":"publish","type":"product","link":"https:\/\/www.tems-us.si\/tems\/product\/hogert-aku-krozna-zaga-18v\/","title":{"rendered":"HOGERT AKU. KRO\u017dNA \u017dAGA 18V"},"content":{"rendered":"<p>BREZKRTA\u010cNA AKUMULATORSKA KRO\u017dNA \u017dAGA 18V<br \/>Artikel se prodaja na KOS<\/p>\n","protected":false},"excerpt":{"rendered":"<p>HT2E235-0CS<\/p>\n","protected":false},"featured_media":38247,"template":"","meta":[],"product_brand":[],"product_cat":[803,857],"product_tag":[],"class_list":{"0":"post-38248","1":"product","2":"type-product","3":"status-publish","4":"has-post-thumbnail","6":"product_cat-elektricno","7":"product_cat-razno-15","9":"first","10":"onbackorder","11":"taxable","12":"shipping-taxable","13":"purchasable","14":"product-type-simple"},"_links":{"self":[{"href":"https:\/\/www.tems-us.si\/tems\/wp-json\/wp\/v2\/product\/38248","targetHints":{"allow":["GET"]}}],"collection":[{"href":"https:\/\/www.tems-us.si\/tems\/wp-json\/wp\/v2\/product"}],"about":[{"href":"https:\/\/www.tems-us.si\/tems\/wp-json\/wp\/v2\/types\/product"}],"version-history":[{"count":0,"href":"https:\/\/www.tems-us.si\/tems\/wp-json\/wp\/v2\/product\/38248\/revisions"}],"wp:featuredmedia":[{"embeddable":true,"href":"https:\/\/www.tems-us.si\/tems\/wp-json\/wp\/v2\/media\/38247"}],"wp:attachment":[{"href":"https:\/\/www.tems-us.si\/tems\/wp-json\/wp\/v2\/media?parent=38248"}],"wp:term":[{"taxonomy":"product_brand","embeddable":true,"href":"https:\/\/www.tems-us.si\/tems\/wp-json\/wp\/v2\/product_brand?post=38248"},{"taxonomy":"product_cat","embeddable":true,"href":"https:\/\/www.tems-us.si\/tems\/wp-json\/wp\/v2\/product_cat?post=38248"},{"taxonomy":"product_tag","embeddable":true,"href":"https:\/\/www.tems-us.si\/tems\/wp-json\/wp\/v2\/product_tag?post=38248"}],"curies":[{"name":"wp","href":"https:\/\/api.w.org\/{rel}","templated":true}]}}