{"id":1844,"date":"2023-11-26T12:25:00","date_gmt":"2023-11-26T12:25:00","guid":{"rendered":"https:\/\/www.tems-us.si\/tems\/?page_id=1844"},"modified":"2024-09-09T22:09:16","modified_gmt":"2024-09-09T20:09:16","slug":"orodje","status":"publish","type":"page","link":"https:\/\/www.tems-us.si\/tems\/orodje\/","title":{"rendered":"Orodje"},"content":{"rendered":"\t\t<div data-elementor-type=\"wp-page\" data-elementor-id=\"1844\" class=\"elementor elementor-1844\" data-elementor-post-type=\"page\">\n\t\t\t\t<div class=\"elementor-element elementor-element-41ead095 e-con-full e-flex e-con e-parent\" data-id=\"41ead095\" data-element_type=\"container\" data-e-type=\"container\" data-settings=\"{&quot;background_background&quot;:&quot;classic&quot;}\">\n\t\t<div class=\"elementor-element elementor-element-161f2efb e-con-full shapedividers_com-4747 elementor-hidden-tablet elementor-hidden-mobile e-flex e-con e-child\" data-id=\"161f2efb\" data-element_type=\"container\" data-e-type=\"container\">\n\t\t\t\t<div class=\"elementor-element elementor-element-2810cd25 elementor-widget elementor-widget-image\" data-id=\"2810cd25\" data-element_type=\"widget\" data-e-type=\"widget\" data-widget_type=\"image.default\">\n\t\t\t\t<div class=\"elementor-widget-container\">\n\t\t\t\t\t\t\t\t\t\t\t\t\t\t\t<img fetchpriority=\"high\" decoding=\"async\" width=\"1920\" height=\"800\" src=\"https:\/\/www.tems-us.si\/tems\/wp-content\/uploads\/2023\/12\/Makita.webp\" class=\"attachment-full size-full wp-image-2004\" alt=\"\" srcset=\"https:\/\/www.tems-us.si\/tems\/wp-content\/uploads\/2023\/12\/Makita.webp 1920w, https:\/\/www.tems-us.si\/tems\/wp-content\/uploads\/2023\/12\/Makita-600x250.webp 600w, https:\/\/www.tems-us.si\/tems\/wp-content\/uploads\/2023\/12\/Makita-300x125.webp 300w, https:\/\/www.tems-us.si\/tems\/wp-content\/uploads\/2023\/12\/Makita-1024x427.webp 1024w, https:\/\/www.tems-us.si\/tems\/wp-content\/uploads\/2023\/12\/Makita-768x320.webp 768w, https:\/\/www.tems-us.si\/tems\/wp-content\/uploads\/2023\/12\/Makita-1536x640.webp 1536w, https:\/\/www.tems-us.si\/tems\/wp-content\/uploads\/2023\/12\/Makita-18x8.webp 18w\" sizes=\"(max-width: 1920px) 100vw, 1920px\" \/>\t\t\t\t\t\t\t\t\t\t\t\t\t\t\t<\/div>\n\t\t\t\t<\/div>\n\t\t\t\t<\/div>\n\t\t<div class=\"elementor-element elementor-element-53f42b94 e-con-full bg e-flex e-con e-child\" data-id=\"53f42b94\" data-element_type=\"container\" data-e-type=\"container\">\n\t\t<div class=\"elementor-element elementor-element-24deb9d6 e-flex e-con-boxed e-con e-child\" data-id=\"24deb9d6\" data-element_type=\"container\" data-e-type=\"container\" data-settings=\"{&quot;background_background&quot;:&quot;classic&quot;}\">\n\t\t\t\t\t<div class=\"e-con-inner\">\n\t\t\t\t<div class=\"elementor-element elementor-element-56f7ac52 texth elementor-invisible elementor-widget elementor-widget-heading\" data-id=\"56f7ac52\" data-element_type=\"widget\" data-e-type=\"widget\" data-settings=\"{&quot;_animation&quot;:&quot;fadeInUp&quot;,&quot;_animation_tablet&quot;:&quot;none&quot;,&quot;_animation_mobile&quot;:&quot;none&quot;,&quot;_animation_delay&quot;:100}\" data-widget_type=\"heading.default\">\n\t\t\t\t<div class=\"elementor-widget-container\">\n\t\t\t\t\t<h1 class=\"elementor-heading-title elementor-size-default\">Orodje<\/h1>\t\t\t\t<\/div>\n\t\t\t\t<\/div>\n\t\t\t\t<div class=\"elementor-element elementor-element-454aad9 textp elementor-invisible elementor-widget elementor-widget-text-editor\" data-id=\"454aad9\" data-element_type=\"widget\" data-e-type=\"widget\" data-settings=\"{&quot;_animation&quot;:&quot;fadeInUp&quot;,&quot;_animation_tablet&quot;:&quot;none&quot;,&quot;_animation_mobile&quot;:&quot;none&quot;,&quot;_animation_delay&quot;:250}\" data-widget_type=\"text-editor.default\">\n\t\t\t\t<div class=\"elementor-widget-container\">\n\t\t\t\t\t\t\t\t\t<p>Opremite se z vrhunskim elektri\u010dnim orodjem in si olaj\u0161ajte svoje elektri\u010dne projekte! Ponosno predstavljamo raznovrstno zbirko orodij, ki zagotavljajo u\u010dinkovito in natan\u010dno delo pri elektri\u010dnih instalacijah. Ne glede na obseg va\u0161ega projekta vam nudimo kakovostna elektri\u010dna orodja priznanih proizvajalcev. Tems-us je va\u0161a destinacija za zanesljiva elektri\u010dna orodja, ki zdru\u017eujejo zmogljivost, trajnost in varnost. Odkrijte, kako lahko s pravimi orodji izbolj\u0161ate svoje elektri\u010dne projekte.<\/p>\t\t\t\t\t\t\t\t<\/div>\n\t\t\t\t<\/div>\n\t\t\t\t\t<\/div>\n\t\t\t\t<\/div>\n\t\t\t\t<\/div>\n\t\t\t\t<\/div>\n\t\t<div class=\"elementor-element elementor-element-b3ff22c bg2 e-flex e-con-boxed e-con e-parent\" data-id=\"b3ff22c\" data-element_type=\"container\" data-e-type=\"container\">\n\t\t\t\t\t<div class=\"e-con-inner\">\n\t\t<div class=\"elementor-element elementor-element-42efeb1b e-con-full e-flex e-con e-child\" data-id=\"42efeb1b\" data-element_type=\"container\" data-e-type=\"container\">\n\t\t\t\t<div class=\"elementor-element elementor-element-5794e345 texth elementor-invisible elementor-widget elementor-widget-heading\" data-id=\"5794e345\" data-element_type=\"widget\" data-e-type=\"widget\" data-settings=\"{&quot;_animation&quot;:&quot;fadeInLeft&quot;,&quot;_animation_tablet&quot;:&quot;none&quot;,&quot;_animation_mobile&quot;:&quot;none&quot;}\" data-widget_type=\"heading.default\">\n\t\t\t\t<div class=\"elementor-widget-container\">\n\t\t\t\t\t<h2 class=\"elementor-heading-title elementor-size-default\">Orodje<\/h2>\t\t\t\t<\/div>\n\t\t\t\t<\/div>\n\t\t<div class=\"elementor-element elementor-element-5d2a8de2 e-flex e-con-boxed elementor-invisible e-con e-child\" data-id=\"5d2a8de2\" data-element_type=\"container\" data-e-type=\"container\" data-settings=\"{&quot;animation&quot;:&quot;fadeInLeft&quot;,&quot;animation_tablet&quot;:&quot;none&quot;}\">\n\t\t\t\t\t<div class=\"e-con-inner\">\n\t\t<div class=\"elementor-element elementor-element-ba3cbca e-flex e-con-boxed e-con e-child\" data-id=\"ba3cbca\" data-element_type=\"container\" data-e-type=\"container\">\n\t\t\t\t\t<div class=\"e-con-inner\">\n\t\t\t\t<div class=\"elementor-element elementor-element-7d9a114a e-transform elementor-widget elementor-widget-image\" data-id=\"7d9a114a\" data-element_type=\"widget\" data-e-type=\"widget\" data-settings=\"{&quot;_transform_scale_effect_hover&quot;:{&quot;unit&quot;:&quot;px&quot;,&quot;size&quot;:1.1,&quot;sizes&quot;:[]},&quot;_transform_scale_effect_hover_tablet&quot;:{&quot;unit&quot;:&quot;px&quot;,&quot;size&quot;:&quot;&quot;,&quot;sizes&quot;:[]},&quot;_transform_scale_effect_hover_mobile&quot;:{&quot;unit&quot;:&quot;px&quot;,&quot;size&quot;:&quot;&quot;,&quot;sizes&quot;:[]}}\" data-widget_type=\"image.default\">\n\t\t\t\t<div class=\"elementor-widget-container\">\n\t\t\t\t\t\t\t\t\t\t\t\t\t\t\t\t<a href=\"https:\/\/www.tems-us.si\/tems\/Katalogi\/2023_MAKITA.pdf\" target=\"_blank\">\n\t\t\t\t\t\t\t<img decoding=\"async\" width=\"246\" height=\"300\" src=\"https:\/\/www.tems-us.si\/tems\/wp-content\/uploads\/2023\/12\/image_2023-11-23_175751569-246x300.webp\" class=\"attachment-medium size-medium wp-image-1989\" alt=\"\" srcset=\"https:\/\/www.tems-us.si\/tems\/wp-content\/uploads\/2023\/12\/image_2023-11-23_175751569-246x300.webp 246w, https:\/\/www.tems-us.si\/tems\/wp-content\/uploads\/2023\/12\/image_2023-11-23_175751569-600x731.webp 600w, https:\/\/www.tems-us.si\/tems\/wp-content\/uploads\/2023\/12\/image_2023-11-23_175751569-10x12.webp 10w, https:\/\/www.tems-us.si\/tems\/wp-content\/uploads\/2023\/12\/image_2023-11-23_175751569.webp 680w\" sizes=\"(max-width: 246px) 100vw, 246px\" \/>\t\t\t\t\t\t\t\t<\/a>\n\t\t\t\t\t\t\t\t\t\t\t\t\t\t\t<\/div>\n\t\t\t\t<\/div>\n\t\t\t\t\t<\/div>\n\t\t\t\t<\/div>\n\t\t<div class=\"elementor-element elementor-element-72e1cebe e-flex e-con-boxed e-con e-child\" data-id=\"72e1cebe\" data-element_type=\"container\" data-e-type=\"container\">\n\t\t\t\t\t<div class=\"e-con-inner\">\n\t\t\t\t<div class=\"elementor-element elementor-element-2f4ce020 e-transform elementor-widget elementor-widget-image\" data-id=\"2f4ce020\" data-element_type=\"widget\" data-e-type=\"widget\" data-settings=\"{&quot;_transform_scale_effect_hover&quot;:{&quot;unit&quot;:&quot;px&quot;,&quot;size&quot;:1.1,&quot;sizes&quot;:[]},&quot;_transform_scale_effect_hover_tablet&quot;:{&quot;unit&quot;:&quot;px&quot;,&quot;size&quot;:&quot;&quot;,&quot;sizes&quot;:[]},&quot;_transform_scale_effect_hover_mobile&quot;:{&quot;unit&quot;:&quot;px&quot;,&quot;size&quot;:&quot;&quot;,&quot;sizes&quot;:[]}}\" data-widget_type=\"image.default\">\n\t\t\t\t<div class=\"elementor-widget-container\">\n\t\t\t\t\t\t\t\t\t\t\t\t\t\t\t\t<a href=\"https:\/\/www.tems-us.si\/tems\/Katalogi\/2023_PBST.pdf\" target=\"_blank\">\n\t\t\t\t\t\t\t<img decoding=\"async\" width=\"209\" height=\"300\" src=\"https:\/\/www.tems-us.si\/tems\/wp-content\/uploads\/2023\/12\/image_2023-11-23_175435798-209x300.webp\" class=\"attachment-medium size-medium wp-image-1988\" alt=\"\" srcset=\"https:\/\/www.tems-us.si\/tems\/wp-content\/uploads\/2023\/12\/image_2023-11-23_175435798-209x300.webp 209w, https:\/\/www.tems-us.si\/tems\/wp-content\/uploads\/2023\/12\/image_2023-11-23_175435798-8x12.webp 8w, https:\/\/www.tems-us.si\/tems\/wp-content\/uploads\/2023\/12\/image_2023-11-23_175435798.webp 588w\" sizes=\"(max-width: 209px) 100vw, 209px\" \/>\t\t\t\t\t\t\t\t<\/a>\n\t\t\t\t\t\t\t\t\t\t\t\t\t\t\t<\/div>\n\t\t\t\t<\/div>\n\t\t\t\t\t<\/div>\n\t\t\t\t<\/div>\n\t\t\t\t\t<\/div>\n\t\t\t\t<\/div>\n\t\t\t\t<\/div>\n\t\t<div class=\"elementor-element elementor-element-6c6c6856 e-con-full e-flex e-con e-child\" data-id=\"6c6c6856\" data-element_type=\"container\" data-e-type=\"container\">\n\t\t\t\t<div class=\"elementor-element elementor-element-78605eb1 texth elementor-invisible elementor-widget elementor-widget-heading\" data-id=\"78605eb1\" data-element_type=\"widget\" data-e-type=\"widget\" data-settings=\"{&quot;_animation&quot;:&quot;fadeInRight&quot;,&quot;_animation_tablet&quot;:&quot;none&quot;,&quot;_animation_mobile&quot;:&quot;none&quot;}\" data-widget_type=\"heading.default\">\n\t\t\t\t<div class=\"elementor-widget-container\">\n\t\t\t\t\t<h2 class=\"elementor-heading-title elementor-size-default\">Ro\u010dno orodje<\/h2>\t\t\t\t<\/div>\n\t\t\t\t<\/div>\n\t\t<div class=\"elementor-element elementor-element-4910514e e-flex e-con-boxed elementor-invisible e-con e-child\" data-id=\"4910514e\" data-element_type=\"container\" data-e-type=\"container\" data-settings=\"{&quot;animation&quot;:&quot;fadeInRight&quot;,&quot;animation_tablet&quot;:&quot;none&quot;}\">\n\t\t\t\t\t<div class=\"e-con-inner\">\n\t\t<div class=\"elementor-element elementor-element-2087f461 e-flex e-con-boxed e-con e-child\" data-id=\"2087f461\" data-element_type=\"container\" data-e-type=\"container\">\n\t\t\t\t\t<div class=\"e-con-inner\">\n\t\t\t\t<div class=\"elementor-element elementor-element-72847e43 e-transform elementor-widget elementor-widget-image\" data-id=\"72847e43\" data-element_type=\"widget\" data-e-type=\"widget\" data-settings=\"{&quot;_transform_scale_effect_hover&quot;:{&quot;unit&quot;:&quot;px&quot;,&quot;size&quot;:1.1,&quot;sizes&quot;:[]},&quot;_transform_scale_effect_hover_tablet&quot;:{&quot;unit&quot;:&quot;px&quot;,&quot;size&quot;:&quot;&quot;,&quot;sizes&quot;:[]},&quot;_transform_scale_effect_hover_mobile&quot;:{&quot;unit&quot;:&quot;px&quot;,&quot;size&quot;:&quot;&quot;,&quot;sizes&quot;:[]}}\" data-widget_type=\"image.default\">\n\t\t\t\t<div class=\"elementor-widget-container\">\n\t\t\t\t\t\t\t\t\t\t\t\t\t\t\t\t<a href=\"https:\/\/en.hoegert.com\/wp-content\/uploads\/2023\/04\/KATALOG-Hoegert-Technik-DE-EN-FR-ES-HR-HU-RO-BG_2023_www.pdf\" target=\"_blank\" rel=\"noopener\">\n\t\t\t\t\t\t\t<img loading=\"lazy\" decoding=\"async\" width=\"213\" height=\"300\" src=\"https:\/\/www.tems-us.si\/tems\/wp-content\/uploads\/2023\/12\/image_2023-11-23_180015334-213x300.webp\" class=\"attachment-medium size-medium wp-image-1990\" alt=\"\" srcset=\"https:\/\/www.tems-us.si\/tems\/wp-content\/uploads\/2023\/12\/image_2023-11-23_180015334-213x300.webp 213w, https:\/\/www.tems-us.si\/tems\/wp-content\/uploads\/2023\/12\/image_2023-11-23_180015334-9x12.webp 9w, https:\/\/www.tems-us.si\/tems\/wp-content\/uploads\/2023\/12\/image_2023-11-23_180015334.webp 543w\" sizes=\"(max-width: 213px) 100vw, 213px\" \/>\t\t\t\t\t\t\t\t<\/a>\n\t\t\t\t\t\t\t\t\t\t\t\t\t\t\t<\/div>\n\t\t\t\t<\/div>\n\t\t\t\t\t<\/div>\n\t\t\t\t<\/div>\n\t\t\t\t\t<\/div>\n\t\t\t\t<\/div>\n\t\t\t\t<\/div>\n\t\t\t\t\t<\/div>\n\t\t\t\t<\/div>\n\t\t\t\t<\/div>\n\t\t","protected":false},"excerpt":{"rendered":"<p>Orodje Opremite se z vrhunskim elektri\u010dnim orodjem in si olaj\u0161ajte svoje elektri\u010dne projekte! Ponosno predstavljamo raznovrstno zbirko orodij, ki zagotavljajo u\u010dinkovito in natan\u010dno delo pri elektri\u010dnih instalacijah. Ne glede na obseg va\u0161ega projekta vam nudimo kakovostna elektri\u010dna orodja priznanih proizvajalcev. Tems-us je va\u0161a destinacija za zanesljiva elektri\u010dna orodja, ki zdru\u017eujejo zmogljivost, trajnost in varnost. Odkrijte, [&hellip;]<\/p>\n","protected":false},"author":1,"featured_media":0,"parent":0,"menu_order":0,"comment_status":"closed","ping_status":"closed","template":"","meta":{"footnotes":""},"class_list":["post-1844","page","type-page","status-publish","hentry"],"_links":{"self":[{"href":"https:\/\/www.tems-us.si\/tems\/wp-json\/wp\/v2\/pages\/1844","targetHints":{"allow":["GET"]}}],"collection":[{"href":"https:\/\/www.tems-us.si\/tems\/wp-json\/wp\/v2\/pages"}],"about":[{"href":"https:\/\/www.tems-us.si\/tems\/wp-json\/wp\/v2\/types\/page"}],"author":[{"embeddable":true,"href":"https:\/\/www.tems-us.si\/tems\/wp-json\/wp\/v2\/users\/1"}],"replies":[{"embeddable":true,"href":"https:\/\/www.tems-us.si\/tems\/wp-json\/wp\/v2\/comments?post=1844"}],"version-history":[{"count":3,"href":"https:\/\/www.tems-us.si\/tems\/wp-json\/wp\/v2\/pages\/1844\/revisions"}],"predecessor-version":[{"id":23968,"href":"https:\/\/www.tems-us.si\/tems\/wp-json\/wp\/v2\/pages\/1844\/revisions\/23968"}],"wp:attachment":[{"href":"https:\/\/www.tems-us.si\/tems\/wp-json\/wp\/v2\/media?parent=1844"}],"curies":[{"name":"wp","href":"https:\/\/api.w.org\/{rel}","templated":true}]}}