{"id":1829,"date":"2023-11-26T11:39:21","date_gmt":"2023-11-26T11:39:21","guid":{"rendered":"https:\/\/www.tems-us.si\/tems\/?page_id=1829"},"modified":"2024-09-09T22:08:05","modified_gmt":"2024-09-09T20:08:05","slug":"instalacijski-material","status":"publish","type":"page","link":"https:\/\/www.tems-us.si\/tems\/instalacijski-material\/","title":{"rendered":"In\u0161talacijski Material"},"content":{"rendered":"\t\t<div data-elementor-type=\"wp-page\" data-elementor-id=\"1829\" class=\"elementor elementor-1829\" data-elementor-post-type=\"page\">\n\t\t\t\t<div class=\"elementor-element elementor-element-3768c20f e-con-full e-flex e-con e-parent\" data-id=\"3768c20f\" data-element_type=\"container\" data-e-type=\"container\" data-settings=\"{&quot;background_background&quot;:&quot;classic&quot;}\">\n\t\t<div class=\"elementor-element elementor-element-188cd3ed e-con-full shapedividers_com-4747 elementor-hidden-tablet elementor-hidden-mobile e-flex e-con e-child\" data-id=\"188cd3ed\" data-element_type=\"container\" data-e-type=\"container\">\n\t\t\t\t<div class=\"elementor-element elementor-element-29f6b1a0 elementor-widget elementor-widget-image\" data-id=\"29f6b1a0\" data-element_type=\"widget\" data-e-type=\"widget\" data-widget_type=\"image.default\">\n\t\t\t\t<div class=\"elementor-widget-container\">\n\t\t\t\t\t\t\t\t\t\t\t\t\t\t\t<img fetchpriority=\"high\" decoding=\"async\" width=\"800\" height=\"421\" src=\"https:\/\/www.tems-us.si\/tems\/wp-content\/uploads\/2023\/12\/Schneider-1-1024x539.webp\" class=\"attachment-large size-large wp-image-2005\" alt=\"\" srcset=\"https:\/\/www.tems-us.si\/tems\/wp-content\/uploads\/2023\/12\/Schneider-1-1024x539.webp 1024w, https:\/\/www.tems-us.si\/tems\/wp-content\/uploads\/2023\/12\/Schneider-1-600x316.webp 600w, https:\/\/www.tems-us.si\/tems\/wp-content\/uploads\/2023\/12\/Schneider-1-300x158.webp 300w, https:\/\/www.tems-us.si\/tems\/wp-content\/uploads\/2023\/12\/Schneider-1-768x404.webp 768w, https:\/\/www.tems-us.si\/tems\/wp-content\/uploads\/2023\/12\/Schneider-1-1536x808.webp 1536w, https:\/\/www.tems-us.si\/tems\/wp-content\/uploads\/2023\/12\/Schneider-1-18x9.webp 18w, https:\/\/www.tems-us.si\/tems\/wp-content\/uploads\/2023\/12\/Schneider-1.webp 1920w\" sizes=\"(max-width: 800px) 100vw, 800px\" \/>\t\t\t\t\t\t\t\t\t\t\t\t\t\t\t<\/div>\n\t\t\t\t<\/div>\n\t\t\t\t<\/div>\n\t\t<div class=\"elementor-element elementor-element-17f8ccad e-con-full bg e-flex e-con e-child\" data-id=\"17f8ccad\" data-element_type=\"container\" data-e-type=\"container\">\n\t\t<div class=\"elementor-element elementor-element-504c959e e-flex e-con-boxed e-con e-child\" data-id=\"504c959e\" data-element_type=\"container\" data-e-type=\"container\" data-settings=\"{&quot;background_background&quot;:&quot;classic&quot;}\">\n\t\t\t\t\t<div class=\"e-con-inner\">\n\t\t\t\t<div class=\"elementor-element elementor-element-39a5c809 texth elementor-invisible elementor-widget elementor-widget-heading\" data-id=\"39a5c809\" data-element_type=\"widget\" data-e-type=\"widget\" data-settings=\"{&quot;_animation&quot;:&quot;fadeInUp&quot;,&quot;_animation_tablet&quot;:&quot;none&quot;,&quot;_animation_mobile&quot;:&quot;none&quot;,&quot;_animation_delay&quot;:100}\" data-widget_type=\"heading.default\">\n\t\t\t\t<div class=\"elementor-widget-container\">\n\t\t\t\t\t<h1 class=\"elementor-heading-title elementor-size-default\">In\u0161talacijski Material<\/h1>\t\t\t\t<\/div>\n\t\t\t\t<\/div>\n\t\t\t\t<div class=\"elementor-element elementor-element-66ef9a71 textp elementor-invisible elementor-widget elementor-widget-text-editor\" data-id=\"66ef9a71\" data-element_type=\"widget\" data-e-type=\"widget\" data-settings=\"{&quot;_animation&quot;:&quot;fadeInUp&quot;,&quot;_animation_tablet&quot;:&quot;none&quot;,&quot;_animation_mobile&quot;:&quot;none&quot;,&quot;_animation_delay&quot;:250}\" data-widget_type=\"text-editor.default\">\n\t\t\t\t<div class=\"elementor-widget-container\">\n\t\t\t\t\t\t\t\t\t<p>Opremite se s kakovostnim instalacijskim materialom iz ponudbe Tems-us in zagotovite brezhibno izvedbo va\u0161ih elektri\u010dnih projektov. Na\u0161a raznolika zbirka materialov je namenjena enostavni in zanesljivi namestitvi svetlobnih sistemov ter elektri\u010dnih napeljav. S sodelovanjem z vodilnimi proizvajalci zagotavljamo visoko kakovost in varnost na\u0161ih izdelkov. Ne glede na va\u0161e zahteve vam nudimo \u0161irok spekter izdelkov. Tems-us je va\u0161a zanesljiva izbira za kakovosten instalacijski material, ki olaj\u0161a va\u0161e elektri\u010dne projekte. Odkrijte, kako lahko z na\u0161im materialom izbolj\u0161ate u\u010dinkovitost in zanesljivost va\u0161ih instalacij &#8211; izberite instalacijski material Tems-us za brezskrbno delo!<\/p>\t\t\t\t\t\t\t\t<\/div>\n\t\t\t\t<\/div>\n\t\t\t\t\t<\/div>\n\t\t\t\t<\/div>\n\t\t\t\t<\/div>\n\t\t\t\t<\/div>\n\t\t<div class=\"elementor-element elementor-element-16fe4610 bg2 e-flex e-con-boxed e-con e-parent\" data-id=\"16fe4610\" data-element_type=\"container\" data-e-type=\"container\">\n\t\t\t\t\t<div class=\"e-con-inner\">\n\t\t<div class=\"elementor-element elementor-element-26f9f188 e-con-full e-flex e-con e-child\" data-id=\"26f9f188\" data-element_type=\"container\" data-e-type=\"container\">\n\t\t<div class=\"elementor-element elementor-element-4023a932 e-flex e-con-boxed elementor-invisible e-con e-child\" data-id=\"4023a932\" data-element_type=\"container\" data-e-type=\"container\" data-settings=\"{&quot;animation&quot;:&quot;fadeInLeft&quot;,&quot;animation_tablet&quot;:&quot;none&quot;}\">\n\t\t\t\t\t<div class=\"e-con-inner\">\n\t\t<div class=\"elementor-element elementor-element-3b16afcc e-flex e-con-boxed e-con e-child\" data-id=\"3b16afcc\" data-element_type=\"container\" data-e-type=\"container\">\n\t\t\t\t\t<div class=\"e-con-inner\">\n\t\t\t\t<div class=\"elementor-element elementor-element-21222bb5 e-transform elementor-widget elementor-widget-image\" data-id=\"21222bb5\" data-element_type=\"widget\" data-e-type=\"widget\" data-settings=\"{&quot;_transform_scale_effect_hover&quot;:{&quot;unit&quot;:&quot;px&quot;,&quot;size&quot;:1.1,&quot;sizes&quot;:[]},&quot;_transform_scale_effect_hover_tablet&quot;:{&quot;unit&quot;:&quot;px&quot;,&quot;size&quot;:&quot;&quot;,&quot;sizes&quot;:[]},&quot;_transform_scale_effect_hover_mobile&quot;:{&quot;unit&quot;:&quot;px&quot;,&quot;size&quot;:&quot;&quot;,&quot;sizes&quot;:[]}}\" data-widget_type=\"image.default\">\n\t\t\t\t<div class=\"elementor-widget-container\">\n\t\t\t\t\t\t\t\t\t\t\t\t\t\t\t\t<a href=\"https:\/\/download.schneider-electric.com\/files?p_Doc_Ref=0100CT1901&#038;p_enDocType=Catalog&#038;p_File_Name=0100CT1901.pdf\" target=\"_blank\" rel=\"noopener\">\n\t\t\t\t\t\t\t<img decoding=\"async\" width=\"300\" height=\"157\" src=\"https:\/\/www.tems-us.si\/tems\/wp-content\/uploads\/2023\/12\/Schneider-Electric-300x157.webp\" class=\"attachment-medium size-medium wp-image-2006\" alt=\"\" srcset=\"https:\/\/www.tems-us.si\/tems\/wp-content\/uploads\/2023\/12\/Schneider-Electric-300x157.webp 300w, https:\/\/www.tems-us.si\/tems\/wp-content\/uploads\/2023\/12\/Schneider-Electric-600x314.webp 600w, https:\/\/www.tems-us.si\/tems\/wp-content\/uploads\/2023\/12\/Schneider-Electric-1024x536.webp 1024w, https:\/\/www.tems-us.si\/tems\/wp-content\/uploads\/2023\/12\/Schneider-Electric-768x402.webp 768w, https:\/\/www.tems-us.si\/tems\/wp-content\/uploads\/2023\/12\/Schneider-Electric-18x9.webp 18w, https:\/\/www.tems-us.si\/tems\/wp-content\/uploads\/2023\/12\/Schneider-Electric.webp 1200w\" sizes=\"(max-width: 300px) 100vw, 300px\" \/>\t\t\t\t\t\t\t\t<\/a>\n\t\t\t\t\t\t\t\t\t\t\t\t\t\t\t<\/div>\n\t\t\t\t<\/div>\n\t\t\t\t\t<\/div>\n\t\t\t\t<\/div>\n\t\t\t\t\t<\/div>\n\t\t\t\t<\/div>\n\t\t\t\t<\/div>\n\t\t<div class=\"elementor-element elementor-element-75f08fb7 e-con-full e-flex e-con e-child\" data-id=\"75f08fb7\" data-element_type=\"container\" data-e-type=\"container\">\n\t\t<div class=\"elementor-element elementor-element-1b3784d4 e-flex e-con-boxed elementor-invisible e-con e-child\" data-id=\"1b3784d4\" data-element_type=\"container\" data-e-type=\"container\" data-settings=\"{&quot;animation&quot;:&quot;fadeInUp&quot;,&quot;animation_tablet&quot;:&quot;none&quot;}\">\n\t\t\t\t\t<div class=\"e-con-inner\">\n\t\t<div class=\"elementor-element elementor-element-658719c7 e-flex e-con-boxed e-con e-child\" data-id=\"658719c7\" data-element_type=\"container\" data-e-type=\"container\">\n\t\t\t\t\t<div class=\"e-con-inner\">\n\t\t\t\t<div class=\"elementor-element elementor-element-8ba80e6 e-transform elementor-widget elementor-widget-image\" data-id=\"8ba80e6\" data-element_type=\"widget\" data-e-type=\"widget\" data-settings=\"{&quot;_transform_scale_effect_hover&quot;:{&quot;unit&quot;:&quot;px&quot;,&quot;size&quot;:1.1,&quot;sizes&quot;:[]},&quot;_transform_scale_effect_hover_tablet&quot;:{&quot;unit&quot;:&quot;px&quot;,&quot;size&quot;:&quot;&quot;,&quot;sizes&quot;:[]},&quot;_transform_scale_effect_hover_mobile&quot;:{&quot;unit&quot;:&quot;px&quot;,&quot;size&quot;:&quot;&quot;,&quot;sizes&quot;:[]}}\" data-widget_type=\"image.default\">\n\t\t\t\t<div class=\"elementor-widget-container\">\n\t\t\t\t\t\t\t\t\t\t\t\t\t\t\t\t<a href=\"https:\/\/www.bemis.com.tr\/resimler\/bemis\/dokumanlar\/fiyat-listesi\/bemis-2023-2024-international-edition-.pdf\" target=\"_blank\" rel=\"noopener\">\n\t\t\t\t\t\t\t<img decoding=\"async\" width=\"212\" height=\"300\" src=\"https:\/\/www.tems-us.si\/tems\/wp-content\/uploads\/2023\/12\/bemis-1-212x300.webp\" class=\"attachment-medium size-medium wp-image-2105\" alt=\"\" srcset=\"https:\/\/www.tems-us.si\/tems\/wp-content\/uploads\/2023\/12\/bemis-1-212x300.webp 212w, https:\/\/www.tems-us.si\/tems\/wp-content\/uploads\/2023\/12\/bemis-1-8x12.webp 8w, https:\/\/www.tems-us.si\/tems\/wp-content\/uploads\/2023\/12\/bemis-1.webp 587w\" sizes=\"(max-width: 212px) 100vw, 212px\" \/>\t\t\t\t\t\t\t\t<\/a>\n\t\t\t\t\t\t\t\t\t\t\t\t\t\t\t<\/div>\n\t\t\t\t<\/div>\n\t\t\t\t\t<\/div>\n\t\t\t\t<\/div>\n\t\t\t\t\t<\/div>\n\t\t\t\t<\/div>\n\t\t\t\t<\/div>\n\t\t<div class=\"elementor-element elementor-element-9ae2762 e-con-full e-flex e-con e-child\" data-id=\"9ae2762\" data-element_type=\"container\" data-e-type=\"container\">\n\t\t<div class=\"elementor-element elementor-element-a039cf0 e-flex e-con-boxed elementor-invisible e-con e-child\" data-id=\"a039cf0\" data-element_type=\"container\" data-e-type=\"container\" data-settings=\"{&quot;animation&quot;:&quot;fadeInRight&quot;,&quot;animation_tablet&quot;:&quot;none&quot;}\">\n\t\t\t\t\t<div class=\"e-con-inner\">\n\t\t<div class=\"elementor-element elementor-element-d7ef4bd e-flex e-con-boxed e-con e-child\" data-id=\"d7ef4bd\" data-element_type=\"container\" data-e-type=\"container\">\n\t\t\t\t\t<div class=\"e-con-inner\">\n\t\t\t\t<div class=\"elementor-element elementor-element-8c1cbdf e-transform elementor-widget elementor-widget-image\" data-id=\"8c1cbdf\" data-element_type=\"widget\" data-e-type=\"widget\" data-settings=\"{&quot;_transform_scale_effect_hover&quot;:{&quot;unit&quot;:&quot;px&quot;,&quot;size&quot;:1.1,&quot;sizes&quot;:[]},&quot;_transform_scale_effect_hover_tablet&quot;:{&quot;unit&quot;:&quot;px&quot;,&quot;size&quot;:&quot;&quot;,&quot;sizes&quot;:[]},&quot;_transform_scale_effect_hover_mobile&quot;:{&quot;unit&quot;:&quot;px&quot;,&quot;size&quot;:&quot;&quot;,&quot;sizes&quot;:[]}}\" data-widget_type=\"image.default\">\n\t\t\t\t<div class=\"elementor-widget-container\">\n\t\t\t\t\t\t\t\t\t\t\t\t\t\t\t\t<a href=\"https:\/\/www.etigroup.eu\/images\/userfiles\/en-GB\/documents\/products\/building_industry\/BIE_ENG.pdf\" target=\"_blank\" rel=\"noopener\">\n\t\t\t\t\t\t\t<img loading=\"lazy\" decoding=\"async\" width=\"223\" height=\"300\" src=\"https:\/\/www.tems-us.si\/tems\/wp-content\/uploads\/2023\/12\/image_2023-11-23_174029633-223x300.webp\" class=\"attachment-medium size-medium wp-image-1998\" alt=\"\" srcset=\"https:\/\/www.tems-us.si\/tems\/wp-content\/uploads\/2023\/12\/image_2023-11-23_174029633-223x300.webp 223w, https:\/\/www.tems-us.si\/tems\/wp-content\/uploads\/2023\/12\/image_2023-11-23_174029633-9x12.webp 9w, https:\/\/www.tems-us.si\/tems\/wp-content\/uploads\/2023\/12\/image_2023-11-23_174029633.webp 521w\" sizes=\"(max-width: 223px) 100vw, 223px\" \/>\t\t\t\t\t\t\t\t<\/a>\n\t\t\t\t\t\t\t\t\t\t\t\t\t\t\t<\/div>\n\t\t\t\t<\/div>\n\t\t\t\t\t<\/div>\n\t\t\t\t<\/div>\n\t\t\t\t\t<\/div>\n\t\t\t\t<\/div>\n\t\t\t\t<\/div>\n\t\t\t\t\t<\/div>\n\t\t\t\t<\/div>\n\t\t\t\t<\/div>\n\t\t","protected":false},"excerpt":{"rendered":"<p>In\u0161talacijski Material Opremite se s kakovostnim instalacijskim materialom iz ponudbe Tems-us in zagotovite brezhibno izvedbo va\u0161ih elektri\u010dnih projektov. Na\u0161a raznolika zbirka materialov je namenjena enostavni in zanesljivi namestitvi svetlobnih sistemov ter elektri\u010dnih napeljav. S sodelovanjem z vodilnimi proizvajalci zagotavljamo visoko kakovost in varnost na\u0161ih izdelkov. Ne glede na va\u0161e zahteve vam nudimo \u0161irok spekter izdelkov. [&hellip;]<\/p>\n","protected":false},"author":1,"featured_media":0,"parent":0,"menu_order":0,"comment_status":"closed","ping_status":"closed","template":"","meta":{"footnotes":""},"class_list":["post-1829","page","type-page","status-publish","hentry"],"_links":{"self":[{"href":"https:\/\/www.tems-us.si\/tems\/wp-json\/wp\/v2\/pages\/1829","targetHints":{"allow":["GET"]}}],"collection":[{"href":"https:\/\/www.tems-us.si\/tems\/wp-json\/wp\/v2\/pages"}],"about":[{"href":"https:\/\/www.tems-us.si\/tems\/wp-json\/wp\/v2\/types\/page"}],"author":[{"embeddable":true,"href":"https:\/\/www.tems-us.si\/tems\/wp-json\/wp\/v2\/users\/1"}],"replies":[{"embeddable":true,"href":"https:\/\/www.tems-us.si\/tems\/wp-json\/wp\/v2\/comments?post=1829"}],"version-history":[{"count":3,"href":"https:\/\/www.tems-us.si\/tems\/wp-json\/wp\/v2\/pages\/1829\/revisions"}],"predecessor-version":[{"id":23965,"href":"https:\/\/www.tems-us.si\/tems\/wp-json\/wp\/v2\/pages\/1829\/revisions\/23965"}],"wp:attachment":[{"href":"https:\/\/www.tems-us.si\/tems\/wp-json\/wp\/v2\/media?parent=1829"}],"curies":[{"name":"wp","href":"https:\/\/api.w.org\/{rel}","templated":true}]}}