{"id":1793,"date":"2023-11-26T11:16:55","date_gmt":"2023-11-26T11:16:55","guid":{"rendered":"https:\/\/www.tems-us.si\/tems\/?page_id=1793"},"modified":"2024-09-09T22:06:54","modified_gmt":"2024-09-09T20:06:54","slug":"elektro-omare","status":"publish","type":"page","link":"https:\/\/www.tems-us.si\/tems\/elektro-omare\/","title":{"rendered":"Omare"},"content":{"rendered":"\t\t<div data-elementor-type=\"wp-page\" data-elementor-id=\"1793\" class=\"elementor elementor-1793\" data-elementor-post-type=\"page\">\n\t\t\t\t<div class=\"elementor-element elementor-element-17ee36a7 e-con-full e-flex e-con e-parent\" data-id=\"17ee36a7\" data-element_type=\"container\" data-e-type=\"container\" data-settings=\"{&quot;background_background&quot;:&quot;classic&quot;}\">\n\t\t<div class=\"elementor-element elementor-element-3916c0f9 e-con-full shapedividers_com-4747 elementor-hidden-tablet elementor-hidden-mobile e-flex e-con e-child\" data-id=\"3916c0f9\" data-element_type=\"container\" data-e-type=\"container\" data-settings=\"{&quot;background_background&quot;:&quot;classic&quot;}\">\n\t\t\t\t<\/div>\n\t\t<div class=\"elementor-element elementor-element-2831c389 e-con-full bg e-flex e-con e-child\" data-id=\"2831c389\" data-element_type=\"container\" data-e-type=\"container\">\n\t\t<div class=\"elementor-element elementor-element-63dd4fd9 e-flex e-con-boxed e-con e-child\" data-id=\"63dd4fd9\" data-element_type=\"container\" data-e-type=\"container\" data-settings=\"{&quot;background_background&quot;:&quot;classic&quot;}\">\n\t\t\t\t\t<div class=\"e-con-inner\">\n\t\t\t\t<div class=\"elementor-element elementor-element-2af40bf0 texth elementor-invisible elementor-widget elementor-widget-heading\" data-id=\"2af40bf0\" data-element_type=\"widget\" data-e-type=\"widget\" data-settings=\"{&quot;_animation&quot;:&quot;fadeInUp&quot;,&quot;_animation_tablet&quot;:&quot;none&quot;,&quot;_animation_mobile&quot;:&quot;none&quot;,&quot;_animation_delay&quot;:100}\" data-widget_type=\"heading.default\">\n\t\t\t\t<div class=\"elementor-widget-container\">\n\t\t\t\t\t<h1 class=\"elementor-heading-title elementor-size-default\">Omare<\/h1>\t\t\t\t<\/div>\n\t\t\t\t<\/div>\n\t\t\t\t<div class=\"elementor-element elementor-element-300fd5f1 textp elementor-invisible elementor-widget elementor-widget-text-editor\" data-id=\"300fd5f1\" data-element_type=\"widget\" data-e-type=\"widget\" data-settings=\"{&quot;_animation&quot;:&quot;fadeInUp&quot;,&quot;_animation_tablet&quot;:&quot;none&quot;,&quot;_animation_mobile&quot;:&quot;none&quot;,&quot;_animation_delay&quot;:250}\" data-widget_type=\"text-editor.default\">\n\t\t\t\t<div class=\"elementor-widget-container\">\n\t\t\t\t\t\t\t\t\t<p>Na\u0161a raznovrstna zbirka omogo\u010da u\u010dinkovito in varno shranjevanje elektri\u010dne opreme v vsakem okolju. Ne glede na velikost ali kompleksnost va\u0161ega projekta, pri nas boste na\u0161li zanesljive elektri\u010dne omare, ki izpolnjujejo najvi\u0161je standarde. Na\u0161a zanesljiva in robustna re\u0161itev za elektri\u010dne omare zdru\u017euje funkcionalnost s sodobnim dizajnom, prilagojenim va\u0161im potrebam.<\/p>\t\t\t\t\t\t\t\t<\/div>\n\t\t\t\t<\/div>\n\t\t\t\t\t<\/div>\n\t\t\t\t<\/div>\n\t\t\t\t<\/div>\n\t\t\t\t<\/div>\n\t\t<div class=\"elementor-element elementor-element-17049bec bg2 e-flex e-con-boxed e-con e-parent\" data-id=\"17049bec\" data-element_type=\"container\" data-e-type=\"container\">\n\t\t\t\t\t<div class=\"e-con-inner\">\n\t\t<div class=\"elementor-element elementor-element-27c40fff e-con-full elementor-hidden-desktop elementor-hidden-tablet elementor-hidden-mobile e-flex e-con e-child\" data-id=\"27c40fff\" data-element_type=\"container\" data-e-type=\"container\">\n\t\t<div class=\"elementor-element elementor-element-36894aa3 e-flex e-con-boxed elementor-invisible e-con e-child\" data-id=\"36894aa3\" data-element_type=\"container\" data-e-type=\"container\" data-settings=\"{&quot;animation&quot;:&quot;fadeInLeft&quot;,&quot;animation_tablet&quot;:&quot;none&quot;}\">\n\t\t\t\t\t<div class=\"e-con-inner\">\n\t\t<div class=\"elementor-element elementor-element-a024181 e-flex e-con-boxed e-con e-child\" data-id=\"a024181\" data-element_type=\"container\" data-e-type=\"container\">\n\t\t\t\t\t<div class=\"e-con-inner\">\n\t\t\t\t<div class=\"elementor-element elementor-element-694eacb5 e-transform elementor-widget elementor-widget-image\" data-id=\"694eacb5\" data-element_type=\"widget\" data-e-type=\"widget\" data-settings=\"{&quot;_transform_scale_effect_hover&quot;:{&quot;unit&quot;:&quot;px&quot;,&quot;size&quot;:1.1,&quot;sizes&quot;:[]},&quot;_transform_scale_effect_hover_tablet&quot;:{&quot;unit&quot;:&quot;px&quot;,&quot;size&quot;:&quot;&quot;,&quot;sizes&quot;:[]},&quot;_transform_scale_effect_hover_mobile&quot;:{&quot;unit&quot;:&quot;px&quot;,&quot;size&quot;:&quot;&quot;,&quot;sizes&quot;:[]}}\" data-widget_type=\"image.default\">\n\t\t\t\t<div class=\"elementor-widget-container\">\n\t\t\t\t\t\t\t\t\t\t\t\t\t\t\t\t<a href=\"https:\/\/www.tems-us.si\/tems\/Katalogi\/2023_KS_MBOX.pdf\" target=\"_blank\">\n\t\t\t\t\t\t\t<img fetchpriority=\"high\" decoding=\"async\" width=\"269\" height=\"300\" src=\"https:\/\/www.tems-us.si\/tems\/wp-content\/uploads\/2023\/12\/kole1-1-269x300.webp\" class=\"attachment-medium size-medium wp-image-1994\" alt=\"\" srcset=\"https:\/\/www.tems-us.si\/tems\/wp-content\/uploads\/2023\/12\/kole1-1-269x300.webp 269w, https:\/\/www.tems-us.si\/tems\/wp-content\/uploads\/2023\/12\/kole1-1-11x12.webp 11w, https:\/\/www.tems-us.si\/tems\/wp-content\/uploads\/2023\/12\/kole1-1.webp 503w\" sizes=\"(max-width: 269px) 100vw, 269px\" \/>\t\t\t\t\t\t\t\t<\/a>\n\t\t\t\t\t\t\t\t\t\t\t\t\t\t\t<\/div>\n\t\t\t\t<\/div>\n\t\t\t\t\t<\/div>\n\t\t\t\t<\/div>\n\t\t<div class=\"elementor-element elementor-element-1a16d79b e-flex e-con-boxed e-con e-child\" data-id=\"1a16d79b\" data-element_type=\"container\" data-e-type=\"container\">\n\t\t\t\t\t<div class=\"e-con-inner\">\n\t\t\t\t<div class=\"elementor-element elementor-element-1a76c0c8 e-transform elementor-widget elementor-widget-image\" data-id=\"1a76c0c8\" data-element_type=\"widget\" data-e-type=\"widget\" data-settings=\"{&quot;_transform_scale_effect_hover&quot;:{&quot;unit&quot;:&quot;px&quot;,&quot;size&quot;:1.1,&quot;sizes&quot;:[]},&quot;_transform_scale_effect_hover_tablet&quot;:{&quot;unit&quot;:&quot;px&quot;,&quot;size&quot;:&quot;&quot;,&quot;sizes&quot;:[]},&quot;_transform_scale_effect_hover_mobile&quot;:{&quot;unit&quot;:&quot;px&quot;,&quot;size&quot;:&quot;&quot;,&quot;sizes&quot;:[]}}\" data-widget_type=\"image.default\">\n\t\t\t\t<div class=\"elementor-widget-container\">\n\t\t\t\t\t\t\t\t\t\t\t\t\t\t\t\t<a href=\"https:\/\/www.tems-us.si\/tems\/Katalogi\/2023_KS_SIBOX.pdf\" target=\"_blank\">\n\t\t\t\t\t\t\t<img decoding=\"async\" width=\"277\" height=\"300\" src=\"https:\/\/www.tems-us.si\/tems\/wp-content\/uploads\/2023\/12\/kole2-1-277x300.webp\" class=\"attachment-medium size-medium wp-image-1999\" alt=\"\" srcset=\"https:\/\/www.tems-us.si\/tems\/wp-content\/uploads\/2023\/12\/kole2-1-277x300.webp 277w, https:\/\/www.tems-us.si\/tems\/wp-content\/uploads\/2023\/12\/kole2-1-11x12.webp 11w, https:\/\/www.tems-us.si\/tems\/wp-content\/uploads\/2023\/12\/kole2-1.webp 540w\" sizes=\"(max-width: 277px) 100vw, 277px\" \/>\t\t\t\t\t\t\t\t<\/a>\n\t\t\t\t\t\t\t\t\t\t\t\t\t\t\t<\/div>\n\t\t\t\t<\/div>\n\t\t\t\t\t<\/div>\n\t\t\t\t<\/div>\n\t\t\t\t\t<\/div>\n\t\t\t\t<\/div>\n\t\t\t\t<\/div>\n\t\t<div class=\"elementor-element elementor-element-41b9a1ef e-con-full e-flex e-con e-child\" data-id=\"41b9a1ef\" data-element_type=\"container\" data-e-type=\"container\">\n\t\t<div class=\"elementor-element elementor-element-6e6a4b10 e-flex e-con-boxed elementor-invisible e-con e-child\" data-id=\"6e6a4b10\" data-element_type=\"container\" data-e-type=\"container\" data-settings=\"{&quot;animation&quot;:&quot;fadeInUp&quot;,&quot;animation_tablet&quot;:&quot;none&quot;}\">\n\t\t\t\t\t<div class=\"e-con-inner\">\n\t\t<div class=\"elementor-element elementor-element-6c8aff40 e-flex e-con-boxed e-con e-child\" data-id=\"6c8aff40\" data-element_type=\"container\" data-e-type=\"container\">\n\t\t\t\t\t<div class=\"e-con-inner\">\n\t\t\t\t<div class=\"elementor-element elementor-element-68696eed e-transform elementor-widget elementor-widget-image\" data-id=\"68696eed\" data-element_type=\"widget\" data-e-type=\"widget\" data-settings=\"{&quot;_transform_scale_effect_hover&quot;:{&quot;unit&quot;:&quot;px&quot;,&quot;size&quot;:1.1,&quot;sizes&quot;:[]},&quot;_transform_scale_effect_hover_tablet&quot;:{&quot;unit&quot;:&quot;px&quot;,&quot;size&quot;:&quot;&quot;,&quot;sizes&quot;:[]},&quot;_transform_scale_effect_hover_mobile&quot;:{&quot;unit&quot;:&quot;px&quot;,&quot;size&quot;:&quot;&quot;,&quot;sizes&quot;:[]}}\" data-widget_type=\"image.default\">\n\t\t\t\t<div class=\"elementor-widget-container\">\n\t\t\t\t\t\t\t\t\t\t\t\t\t\t\t\t<a href=\"https:\/\/www.tems-us.si\/tems\/Katalogi\/2023_Prebil_Plast.pdf\" target=\"_blank\">\n\t\t\t\t\t\t\t<img decoding=\"async\" width=\"216\" height=\"300\" src=\"https:\/\/www.tems-us.si\/tems\/wp-content\/uploads\/2023\/12\/prebilplast-1-216x300.webp\" class=\"attachment-medium size-medium wp-image-2018\" alt=\"\" srcset=\"https:\/\/www.tems-us.si\/tems\/wp-content\/uploads\/2023\/12\/prebilplast-1-216x300.webp 216w, https:\/\/www.tems-us.si\/tems\/wp-content\/uploads\/2023\/12\/prebilplast-1-9x12.webp 9w, https:\/\/www.tems-us.si\/tems\/wp-content\/uploads\/2023\/12\/prebilplast-1.webp 324w\" sizes=\"(max-width: 216px) 100vw, 216px\" \/>\t\t\t\t\t\t\t\t<\/a>\n\t\t\t\t\t\t\t\t\t\t\t\t\t\t\t<\/div>\n\t\t\t\t<\/div>\n\t\t\t\t\t<\/div>\n\t\t\t\t<\/div>\n\t\t\t\t\t<\/div>\n\t\t\t\t<\/div>\n\t\t\t\t<\/div>\n\t\t<div class=\"elementor-element elementor-element-1c52c94f e-con-full e-flex e-con e-child\" data-id=\"1c52c94f\" data-element_type=\"container\" data-e-type=\"container\">\n\t\t<div class=\"elementor-element elementor-element-4a318975 e-flex e-con-boxed elementor-invisible e-con e-child\" data-id=\"4a318975\" data-element_type=\"container\" data-e-type=\"container\" data-settings=\"{&quot;animation&quot;:&quot;fadeInRight&quot;,&quot;animation_tablet&quot;:&quot;none&quot;}\">\n\t\t\t\t\t<div class=\"e-con-inner\">\n\t\t<div class=\"elementor-element elementor-element-5be169de e-flex e-con-boxed e-con e-child\" data-id=\"5be169de\" data-element_type=\"container\" data-e-type=\"container\">\n\t\t\t\t\t<div class=\"e-con-inner\">\n\t\t\t\t<div class=\"elementor-element elementor-element-6880c3c3 e-transform elementor-widget elementor-widget-image\" data-id=\"6880c3c3\" data-element_type=\"widget\" data-e-type=\"widget\" data-settings=\"{&quot;_transform_scale_effect_hover&quot;:{&quot;unit&quot;:&quot;px&quot;,&quot;size&quot;:1.1,&quot;sizes&quot;:[]},&quot;_transform_scale_effect_hover_tablet&quot;:{&quot;unit&quot;:&quot;px&quot;,&quot;size&quot;:&quot;&quot;,&quot;sizes&quot;:[]},&quot;_transform_scale_effect_hover_mobile&quot;:{&quot;unit&quot;:&quot;px&quot;,&quot;size&quot;:&quot;&quot;,&quot;sizes&quot;:[]}}\" data-widget_type=\"image.default\">\n\t\t\t\t<div class=\"elementor-widget-container\">\n\t\t\t\t\t\t\t\t\t\t\t\t\t\t\t\t<a href=\"https:\/\/www.mandeks.ba\/mandeks_katalozi\/MAROweb.pdf\" target=\"_blank\" rel=\"noopener\">\n\t\t\t\t\t\t\t<img loading=\"lazy\" decoding=\"async\" width=\"480\" height=\"690\" src=\"https:\/\/www.tems-us.si\/tems\/wp-content\/uploads\/2023\/12\/mandeks-maro-1.webp\" class=\"attachment-large size-large wp-image-2016\" alt=\"\" srcset=\"https:\/\/www.tems-us.si\/tems\/wp-content\/uploads\/2023\/12\/mandeks-maro-1.webp 480w, https:\/\/www.tems-us.si\/tems\/wp-content\/uploads\/2023\/12\/mandeks-maro-1-209x300.webp 209w, https:\/\/www.tems-us.si\/tems\/wp-content\/uploads\/2023\/12\/mandeks-maro-1-8x12.webp 8w\" sizes=\"(max-width: 480px) 100vw, 480px\" \/>\t\t\t\t\t\t\t\t<\/a>\n\t\t\t\t\t\t\t\t\t\t\t\t\t\t\t<\/div>\n\t\t\t\t<\/div>\n\t\t\t\t\t<\/div>\n\t\t\t\t<\/div>\n\t\t\t\t\t<\/div>\n\t\t\t\t<\/div>\n\t\t\t\t<\/div>\n\t\t\t\t\t<\/div>\n\t\t\t\t<\/div>\n\t\t\t\t<\/div>\n\t\t","protected":false},"excerpt":{"rendered":"<p>Omare Na\u0161a raznovrstna zbirka omogo\u010da u\u010dinkovito in varno shranjevanje elektri\u010dne opreme v vsakem okolju. Ne glede na velikost ali kompleksnost va\u0161ega projekta, pri nas boste na\u0161li zanesljive elektri\u010dne omare, ki izpolnjujejo najvi\u0161je standarde. Na\u0161a zanesljiva in robustna re\u0161itev za elektri\u010dne omare zdru\u017euje funkcionalnost s sodobnim dizajnom, prilagojenim va\u0161im potrebam.<\/p>\n","protected":false},"author":1,"featured_media":0,"parent":0,"menu_order":0,"comment_status":"closed","ping_status":"closed","template":"","meta":{"footnotes":""},"class_list":["post-1793","page","type-page","status-publish","hentry"],"_links":{"self":[{"href":"https:\/\/www.tems-us.si\/tems\/wp-json\/wp\/v2\/pages\/1793","targetHints":{"allow":["GET"]}}],"collection":[{"href":"https:\/\/www.tems-us.si\/tems\/wp-json\/wp\/v2\/pages"}],"about":[{"href":"https:\/\/www.tems-us.si\/tems\/wp-json\/wp\/v2\/types\/page"}],"author":[{"embeddable":true,"href":"https:\/\/www.tems-us.si\/tems\/wp-json\/wp\/v2\/users\/1"}],"replies":[{"embeddable":true,"href":"https:\/\/www.tems-us.si\/tems\/wp-json\/wp\/v2\/comments?post=1793"}],"version-history":[{"count":9,"href":"https:\/\/www.tems-us.si\/tems\/wp-json\/wp\/v2\/pages\/1793\/revisions"}],"predecessor-version":[{"id":23962,"href":"https:\/\/www.tems-us.si\/tems\/wp-json\/wp\/v2\/pages\/1793\/revisions\/23962"}],"wp:attachment":[{"href":"https:\/\/www.tems-us.si\/tems\/wp-json\/wp\/v2\/media?parent=1793"}],"curies":[{"name":"wp","href":"https:\/\/api.w.org\/{rel}","templated":true}]}}