{"id":1765,"date":"2023-11-26T10:53:44","date_gmt":"2023-11-26T10:53:44","guid":{"rendered":"https:\/\/www.tems-us.si\/tems\/?page_id=1765"},"modified":"2024-09-09T22:04:05","modified_gmt":"2024-09-09T20:04:05","slug":"stikala","status":"publish","type":"page","link":"https:\/\/www.tems-us.si\/tems\/stikala\/","title":{"rendered":"Stikala"},"content":{"rendered":"\t\t<div data-elementor-type=\"wp-page\" data-elementor-id=\"1765\" class=\"elementor elementor-1765\" data-elementor-post-type=\"page\">\n\t\t\t\t<div class=\"elementor-element elementor-element-5081e200 e-con-full e-flex e-con e-parent\" data-id=\"5081e200\" data-element_type=\"container\" data-e-type=\"container\" data-settings=\"{&quot;background_background&quot;:&quot;classic&quot;}\">\n\t\t<div class=\"elementor-element elementor-element-66f615cf e-con-full shapedividers_com-4747 elementor-hidden-tablet elementor-hidden-mobile e-flex e-con e-child\" data-id=\"66f615cf\" data-element_type=\"container\" data-e-type=\"container\" data-settings=\"{&quot;background_background&quot;:&quot;classic&quot;}\">\n\t\t\t\t<\/div>\n\t\t<div class=\"elementor-element elementor-element-bbb7ec0 e-con-full bg e-flex e-con e-child\" data-id=\"bbb7ec0\" data-element_type=\"container\" data-e-type=\"container\">\n\t\t<div class=\"elementor-element elementor-element-3d9a0d3a e-flex e-con-boxed e-con e-child\" data-id=\"3d9a0d3a\" data-element_type=\"container\" data-e-type=\"container\" data-settings=\"{&quot;background_background&quot;:&quot;classic&quot;}\">\n\t\t\t\t\t<div class=\"e-con-inner\">\n\t\t\t\t<div class=\"elementor-element elementor-element-182edbc6 texth elementor-invisible elementor-widget elementor-widget-heading\" data-id=\"182edbc6\" data-element_type=\"widget\" data-e-type=\"widget\" data-settings=\"{&quot;_animation&quot;:&quot;fadeInUp&quot;,&quot;_animation_tablet&quot;:&quot;none&quot;,&quot;_animation_mobile&quot;:&quot;none&quot;,&quot;_animation_delay&quot;:100}\" data-widget_type=\"heading.default\">\n\t\t\t\t<div class=\"elementor-widget-container\">\n\t\t\t\t\t<h1 class=\"elementor-heading-title elementor-size-default\">Stikala<\/h1>\t\t\t\t<\/div>\n\t\t\t\t<\/div>\n\t\t\t\t<div class=\"elementor-element elementor-element-27262b17 textp elementor-invisible elementor-widget elementor-widget-text-editor\" data-id=\"27262b17\" data-element_type=\"widget\" data-e-type=\"widget\" data-settings=\"{&quot;_animation&quot;:&quot;fadeInUp&quot;,&quot;_animation_tablet&quot;:&quot;none&quot;,&quot;_animation_mobile&quot;:&quot;none&quot;,&quot;_animation_delay&quot;:250}\" data-widget_type=\"text-editor.default\">\n\t\t\t\t<div class=\"elementor-widget-container\">\n\t\t\t\t\t\t\t\t\t<p>Nadzirajte svetlobo s stilom. Na\u0161a raznolika paleta stikal prina\u0161a funkcionalnost in estetiko v va\u0161 dom ali pisarno. Pri nas boste na\u0161li popolno re\u0161itev za va\u0161e potrebe. Kot specializirani distributerji, sodelujemo z vodilnimi proizvajalci, ki zagotavljajo kakovost in zanesljivost. Z na\u0161imi stikali lahko prilagodite osvetlitev po svojem okusu. Tems-us je va\u0161a prva izbira za kakovostna stikala, ki zdru\u017eujejo slog, inovacije in preprosto uporabo.<\/p>\t\t\t\t\t\t\t\t<\/div>\n\t\t\t\t<\/div>\n\t\t\t\t\t<\/div>\n\t\t\t\t<\/div>\n\t\t\t\t<\/div>\n\t\t\t\t<\/div>\n\t\t<div class=\"elementor-element elementor-element-73621848 bg2 e-flex e-con-boxed e-con e-parent\" data-id=\"73621848\" data-element_type=\"container\" data-e-type=\"container\">\n\t\t\t\t\t<div class=\"e-con-inner\">\n\t\t<div class=\"elementor-element elementor-element-215dde22 e-con-full e-flex e-con e-child\" data-id=\"215dde22\" data-element_type=\"container\" data-e-type=\"container\">\n\t\t<div class=\"elementor-element elementor-element-67fad3fc e-flex e-con-boxed elementor-invisible e-con e-child\" data-id=\"67fad3fc\" data-element_type=\"container\" data-e-type=\"container\" data-settings=\"{&quot;animation&quot;:&quot;fadeInLeft&quot;,&quot;animation_tablet&quot;:&quot;none&quot;}\">\n\t\t\t\t\t<div class=\"e-con-inner\">\n\t\t<div class=\"elementor-element elementor-element-39266b1b e-flex e-con-boxed e-con e-child\" data-id=\"39266b1b\" data-element_type=\"container\" data-e-type=\"container\">\n\t\t\t\t\t<div class=\"e-con-inner\">\n\t\t\t\t<div class=\"elementor-element elementor-element-7517dd59 e-transform elementor-widget elementor-widget-image\" data-id=\"7517dd59\" data-element_type=\"widget\" data-e-type=\"widget\" data-settings=\"{&quot;_transform_scale_effect_hover&quot;:{&quot;unit&quot;:&quot;px&quot;,&quot;size&quot;:1.1,&quot;sizes&quot;:[]},&quot;_transform_scale_effect_hover_tablet&quot;:{&quot;unit&quot;:&quot;px&quot;,&quot;size&quot;:&quot;&quot;,&quot;sizes&quot;:[]},&quot;_transform_scale_effect_hover_mobile&quot;:{&quot;unit&quot;:&quot;px&quot;,&quot;size&quot;:&quot;&quot;,&quot;sizes&quot;:[]}}\" data-widget_type=\"image.default\">\n\t\t\t\t<div class=\"elementor-widget-container\">\n\t\t\t\t\t\t\t\t\t\t\t\t\t\t\t\t<a href=\"https:\/\/www.tem.si\/wp-content\/uploads\/2023\/05\/Katalog-MODUL-2023_web.pdf\" target=\"_blank\" rel=\"noopener\">\n\t\t\t\t\t\t\t<img fetchpriority=\"high\" decoding=\"async\" width=\"300\" height=\"300\" src=\"https:\/\/www.tems-us.si\/tems\/wp-content\/uploads\/2023\/12\/image_2023-11-23_160614306-300x300.webp\" class=\"attachment-medium size-medium wp-image-1995\" alt=\"\" srcset=\"https:\/\/www.tems-us.si\/tems\/wp-content\/uploads\/2023\/12\/image_2023-11-23_160614306-300x300.webp 300w, https:\/\/www.tems-us.si\/tems\/wp-content\/uploads\/2023\/12\/image_2023-11-23_160614306-100x100.webp 100w, https:\/\/www.tems-us.si\/tems\/wp-content\/uploads\/2023\/12\/image_2023-11-23_160614306-150x150.webp 150w, https:\/\/www.tems-us.si\/tems\/wp-content\/uploads\/2023\/12\/image_2023-11-23_160614306-12x12.webp 12w, https:\/\/www.tems-us.si\/tems\/wp-content\/uploads\/2023\/12\/image_2023-11-23_160614306.webp 681w\" sizes=\"(max-width: 300px) 100vw, 300px\" \/>\t\t\t\t\t\t\t\t<\/a>\n\t\t\t\t\t\t\t\t\t\t\t\t\t\t\t<\/div>\n\t\t\t\t<\/div>\n\t\t\t\t\t<\/div>\n\t\t\t\t<\/div>\n\t\t<div class=\"elementor-element elementor-element-172937b e-flex e-con-boxed e-con e-child\" data-id=\"172937b\" data-element_type=\"container\" data-e-type=\"container\">\n\t\t\t\t\t<div class=\"e-con-inner\">\n\t\t\t\t<div class=\"elementor-element elementor-element-79669fc4 e-transform elementor-widget elementor-widget-image\" data-id=\"79669fc4\" data-element_type=\"widget\" data-e-type=\"widget\" data-settings=\"{&quot;_transform_scale_effect_hover&quot;:{&quot;unit&quot;:&quot;px&quot;,&quot;size&quot;:1.1,&quot;sizes&quot;:[]},&quot;_transform_scale_effect_hover_tablet&quot;:{&quot;unit&quot;:&quot;px&quot;,&quot;size&quot;:&quot;&quot;,&quot;sizes&quot;:[]},&quot;_transform_scale_effect_hover_mobile&quot;:{&quot;unit&quot;:&quot;px&quot;,&quot;size&quot;:&quot;&quot;,&quot;sizes&quot;:[]}}\" data-widget_type=\"image.default\">\n\t\t\t\t<div class=\"elementor-widget-container\">\n\t\t\t\t\t\t\t\t\t\t\t\t\t\t\t\t<a href=\"https:\/\/www.tem.si\/wp-content\/uploads\/2023\/06\/LOGIQ-BLACK-Brosura-SLO-2023-WEB.pdf\" target=\"_blank\" rel=\"noopener\">\n\t\t\t\t\t\t\t<img decoding=\"async\" width=\"202\" height=\"300\" src=\"https:\/\/www.tems-us.si\/tems\/wp-content\/uploads\/2023\/12\/image_2023-11-23_160721165-202x300.webp\" class=\"attachment-medium size-medium wp-image-1996\" alt=\"\" srcset=\"https:\/\/www.tems-us.si\/tems\/wp-content\/uploads\/2023\/12\/image_2023-11-23_160721165-202x300.webp 202w, https:\/\/www.tems-us.si\/tems\/wp-content\/uploads\/2023\/12\/image_2023-11-23_160721165-8x12.webp 8w, https:\/\/www.tems-us.si\/tems\/wp-content\/uploads\/2023\/12\/image_2023-11-23_160721165.webp 357w\" sizes=\"(max-width: 202px) 100vw, 202px\" \/>\t\t\t\t\t\t\t\t<\/a>\n\t\t\t\t\t\t\t\t\t\t\t\t\t\t\t<\/div>\n\t\t\t\t<\/div>\n\t\t\t\t\t<\/div>\n\t\t\t\t<\/div>\n\t\t<div class=\"elementor-element elementor-element-0532382 e-flex e-con-boxed e-con e-child\" data-id=\"0532382\" data-element_type=\"container\" data-e-type=\"container\">\n\t\t\t\t\t<div class=\"e-con-inner\">\n\t\t\t\t<div class=\"elementor-element elementor-element-90e0651 e-transform elementor-widget elementor-widget-image\" data-id=\"90e0651\" data-element_type=\"widget\" data-e-type=\"widget\" data-settings=\"{&quot;_transform_scale_effect_hover&quot;:{&quot;unit&quot;:&quot;px&quot;,&quot;size&quot;:1.1,&quot;sizes&quot;:[]},&quot;_transform_scale_effect_hover_tablet&quot;:{&quot;unit&quot;:&quot;px&quot;,&quot;size&quot;:&quot;&quot;,&quot;sizes&quot;:[]},&quot;_transform_scale_effect_hover_mobile&quot;:{&quot;unit&quot;:&quot;px&quot;,&quot;size&quot;:&quot;&quot;,&quot;sizes&quot;:[]}}\" data-widget_type=\"image.default\">\n\t\t\t\t<div class=\"elementor-widget-container\">\n\t\t\t\t\t\t\t\t\t\t\t\t\t\t\t\t<a href=\"https:\/\/www.tem.si\/wp-content\/uploads\/2016\/05\/TEM_-_TOUCH_Brochure_SI_09-2014.pdf\" target=\"_blank\" rel=\"noopener\">\n\t\t\t\t\t\t\t<img decoding=\"async\" width=\"300\" height=\"247\" src=\"https:\/\/www.tems-us.si\/tems\/wp-content\/uploads\/2023\/12\/tem3-1-300x247.webp\" class=\"attachment-medium size-medium wp-image-2010\" alt=\"\" srcset=\"https:\/\/www.tems-us.si\/tems\/wp-content\/uploads\/2023\/12\/tem3-1-300x247.webp 300w, https:\/\/www.tems-us.si\/tems\/wp-content\/uploads\/2023\/12\/tem3-1-600x494.webp 600w, https:\/\/www.tems-us.si\/tems\/wp-content\/uploads\/2023\/12\/tem3-1-768x632.webp 768w, https:\/\/www.tems-us.si\/tems\/wp-content\/uploads\/2023\/12\/tem3-1-15x12.webp 15w, https:\/\/www.tems-us.si\/tems\/wp-content\/uploads\/2023\/12\/tem3-1.webp 842w\" sizes=\"(max-width: 300px) 100vw, 300px\" \/>\t\t\t\t\t\t\t\t<\/a>\n\t\t\t\t\t\t\t\t\t\t\t\t\t\t\t<\/div>\n\t\t\t\t<\/div>\n\t\t\t\t\t<\/div>\n\t\t\t\t<\/div>\n\t\t\t\t\t<\/div>\n\t\t\t\t<\/div>\n\t\t\t\t<\/div>\n\t\t<div class=\"elementor-element elementor-element-6a988256 e-con-full e-flex e-con e-child\" data-id=\"6a988256\" data-element_type=\"container\" data-e-type=\"container\">\n\t\t<div class=\"elementor-element elementor-element-13146453 e-flex e-con-boxed elementor-invisible e-con e-child\" data-id=\"13146453\" data-element_type=\"container\" data-e-type=\"container\" data-settings=\"{&quot;animation&quot;:&quot;fadeInUp&quot;,&quot;animation_tablet&quot;:&quot;none&quot;}\">\n\t\t\t\t\t<div class=\"e-con-inner\">\n\t\t<div class=\"elementor-element elementor-element-17d8e671 e-flex e-con-boxed e-con e-child\" data-id=\"17d8e671\" data-element_type=\"container\" data-e-type=\"container\">\n\t\t\t\t\t<div class=\"e-con-inner\">\n\t\t\t\t<div class=\"elementor-element elementor-element-21af23d5 e-transform elementor-widget elementor-widget-image\" data-id=\"21af23d5\" data-element_type=\"widget\" data-e-type=\"widget\" data-settings=\"{&quot;_transform_scale_effect_hover&quot;:{&quot;unit&quot;:&quot;px&quot;,&quot;size&quot;:1.1,&quot;sizes&quot;:[]},&quot;_transform_scale_effect_hover_tablet&quot;:{&quot;unit&quot;:&quot;px&quot;,&quot;size&quot;:&quot;&quot;,&quot;sizes&quot;:[]},&quot;_transform_scale_effect_hover_mobile&quot;:{&quot;unit&quot;:&quot;px&quot;,&quot;size&quot;:&quot;&quot;,&quot;sizes&quot;:[]}}\" data-widget_type=\"image.default\">\n\t\t\t\t<div class=\"elementor-widget-container\">\n\t\t\t\t\t\t\t\t\t\t\t\t\t\t\t\t<a href=\"https:\/\/www.vimar.com\/irj\/go\/km\/docs\/z_catalogo\/DOCUMENT\/B_D21013-vimar-eikonexe-brochure-IT-EN.95890.pdf\" target=\"_blank\" rel=\"noopener\">\n\t\t\t\t\t\t\t<img loading=\"lazy\" decoding=\"async\" width=\"233\" height=\"300\" src=\"https:\/\/www.tems-us.si\/tems\/wp-content\/uploads\/2023\/12\/vimar1-1-233x300.webp\" class=\"attachment-medium size-medium wp-image-2012\" alt=\"\" srcset=\"https:\/\/www.tems-us.si\/tems\/wp-content\/uploads\/2023\/12\/vimar1-1-233x300.webp 233w, https:\/\/www.tems-us.si\/tems\/wp-content\/uploads\/2023\/12\/vimar1-1-9x12.webp 9w, https:\/\/www.tems-us.si\/tems\/wp-content\/uploads\/2023\/12\/vimar1-1.webp 596w\" sizes=\"(max-width: 233px) 100vw, 233px\" \/>\t\t\t\t\t\t\t\t<\/a>\n\t\t\t\t\t\t\t\t\t\t\t\t\t\t\t<\/div>\n\t\t\t\t<\/div>\n\t\t\t\t\t<\/div>\n\t\t\t\t<\/div>\n\t\t<div class=\"elementor-element elementor-element-3d1cbf47 e-flex e-con-boxed e-con e-child\" data-id=\"3d1cbf47\" data-element_type=\"container\" data-e-type=\"container\">\n\t\t\t\t\t<div class=\"e-con-inner\">\n\t\t\t\t<div class=\"elementor-element elementor-element-16c3f5ee e-transform elementor-widget elementor-widget-image\" data-id=\"16c3f5ee\" data-element_type=\"widget\" data-e-type=\"widget\" data-settings=\"{&quot;_transform_scale_effect_hover&quot;:{&quot;unit&quot;:&quot;px&quot;,&quot;size&quot;:1.1,&quot;sizes&quot;:[]},&quot;_transform_scale_effect_hover_tablet&quot;:{&quot;unit&quot;:&quot;px&quot;,&quot;size&quot;:&quot;&quot;,&quot;sizes&quot;:[]},&quot;_transform_scale_effect_hover_mobile&quot;:{&quot;unit&quot;:&quot;px&quot;,&quot;size&quot;:&quot;&quot;,&quot;sizes&quot;:[]}}\" data-widget_type=\"image.default\">\n\t\t\t\t<div class=\"elementor-widget-container\">\n\t\t\t\t\t\t\t\t\t\t\t\t\t\t\t\t<a href=\"https:\/\/www.vimar.com\/irj\/go\/km\/docs\/z_catalogo\/DOCUMENT\/b_c23024-vimar-cataloghi-catalogo-neve-up-inglese.103913.pdf\" target=\"_blank\" rel=\"noopener\">\n\t\t\t\t\t\t\t<img loading=\"lazy\" decoding=\"async\" width=\"219\" height=\"300\" src=\"https:\/\/www.tems-us.si\/tems\/wp-content\/uploads\/2023\/12\/vimar2-1-219x300.webp\" class=\"attachment-medium size-medium wp-image-2013\" alt=\"\" srcset=\"https:\/\/www.tems-us.si\/tems\/wp-content\/uploads\/2023\/12\/vimar2-1-219x300.webp 219w, https:\/\/www.tems-us.si\/tems\/wp-content\/uploads\/2023\/12\/vimar2-1-9x12.webp 9w, https:\/\/www.tems-us.si\/tems\/wp-content\/uploads\/2023\/12\/vimar2-1.webp 399w\" sizes=\"(max-width: 219px) 100vw, 219px\" \/>\t\t\t\t\t\t\t\t<\/a>\n\t\t\t\t\t\t\t\t\t\t\t\t\t\t\t<\/div>\n\t\t\t\t<\/div>\n\t\t\t\t\t<\/div>\n\t\t\t\t<\/div>\n\t\t<div class=\"elementor-element elementor-element-98dbe15 e-flex e-con-boxed e-con e-child\" data-id=\"98dbe15\" data-element_type=\"container\" data-e-type=\"container\">\n\t\t\t\t\t<div class=\"e-con-inner\">\n\t\t\t\t<div class=\"elementor-element elementor-element-93b12fb e-transform elementor-widget elementor-widget-image\" data-id=\"93b12fb\" data-element_type=\"widget\" data-e-type=\"widget\" data-settings=\"{&quot;_transform_scale_effect_hover&quot;:{&quot;unit&quot;:&quot;px&quot;,&quot;size&quot;:1.1,&quot;sizes&quot;:[]},&quot;_transform_scale_effect_hover_tablet&quot;:{&quot;unit&quot;:&quot;px&quot;,&quot;size&quot;:&quot;&quot;,&quot;sizes&quot;:[]},&quot;_transform_scale_effect_hover_mobile&quot;:{&quot;unit&quot;:&quot;px&quot;,&quot;size&quot;:&quot;&quot;,&quot;sizes&quot;:[]}}\" data-widget_type=\"image.default\">\n\t\t\t\t<div class=\"elementor-widget-container\">\n\t\t\t\t\t\t\t\t\t\t\t\t\t\t\t\t<a href=\"https:\/\/www.vimar.com\/irj\/go\/km\/docs\/z_catalogo\/DOCUMENT\/b_d23002-vimar-cataloghi-brochure-linea-en.102855.pdf\" target=\"_blank\" rel=\"noopener\">\n\t\t\t\t\t\t\t<img loading=\"lazy\" decoding=\"async\" width=\"300\" height=\"253\" src=\"https:\/\/www.tems-us.si\/tems\/wp-content\/uploads\/2023\/12\/vimar3-1-300x253.webp\" class=\"attachment-medium size-medium wp-image-2014\" alt=\"\" srcset=\"https:\/\/www.tems-us.si\/tems\/wp-content\/uploads\/2023\/12\/vimar3-1-300x253.webp 300w, https:\/\/www.tems-us.si\/tems\/wp-content\/uploads\/2023\/12\/vimar3-1-600x507.webp 600w, https:\/\/www.tems-us.si\/tems\/wp-content\/uploads\/2023\/12\/vimar3-1-14x12.webp 14w, https:\/\/www.tems-us.si\/tems\/wp-content\/uploads\/2023\/12\/vimar3-1.webp 726w\" sizes=\"(max-width: 300px) 100vw, 300px\" \/>\t\t\t\t\t\t\t\t<\/a>\n\t\t\t\t\t\t\t\t\t\t\t\t\t\t\t<\/div>\n\t\t\t\t<\/div>\n\t\t\t\t\t<\/div>\n\t\t\t\t<\/div>\n\t\t\t\t\t<\/div>\n\t\t\t\t<\/div>\n\t\t\t\t<\/div>\n\t\t<div class=\"elementor-element elementor-element-54e08677 e-con-full e-flex e-con e-child\" data-id=\"54e08677\" data-element_type=\"container\" data-e-type=\"container\">\n\t\t<div class=\"elementor-element elementor-element-564f44f3 e-flex e-con-boxed elementor-invisible e-con e-child\" data-id=\"564f44f3\" data-element_type=\"container\" data-e-type=\"container\" data-settings=\"{&quot;animation&quot;:&quot;fadeInRight&quot;,&quot;animation_tablet&quot;:&quot;none&quot;}\">\n\t\t\t\t\t<div class=\"e-con-inner\">\n\t\t<div class=\"elementor-element elementor-element-3e745495 e-flex e-con-boxed e-con e-child\" data-id=\"3e745495\" data-element_type=\"container\" data-e-type=\"container\">\n\t\t\t\t\t<div class=\"e-con-inner\">\n\t\t\t\t<div class=\"elementor-element elementor-element-15c427eb e-transform elementor-widget elementor-widget-image\" data-id=\"15c427eb\" data-element_type=\"widget\" data-e-type=\"widget\" data-settings=\"{&quot;_transform_scale_effect_hover&quot;:{&quot;unit&quot;:&quot;px&quot;,&quot;size&quot;:1.1,&quot;sizes&quot;:[]},&quot;_transform_scale_effect_hover_tablet&quot;:{&quot;unit&quot;:&quot;px&quot;,&quot;size&quot;:&quot;&quot;,&quot;sizes&quot;:[]},&quot;_transform_scale_effect_hover_mobile&quot;:{&quot;unit&quot;:&quot;px&quot;,&quot;size&quot;:&quot;&quot;,&quot;sizes&quot;:[]}}\" data-widget_type=\"image.default\">\n\t\t\t\t<div class=\"elementor-widget-container\">\n\t\t\t\t\t\t\t\t\t\t\t\t\t\t\t\t<a href=\"https:\/\/www.elektromaterial.si\/media\/cat_files\/265_56_modysETSweb.pdf\" target=\"_blank\" rel=\"noopener\">\n\t\t\t\t\t\t\t<img loading=\"lazy\" decoding=\"async\" width=\"264\" height=\"300\" src=\"https:\/\/www.tems-us.si\/tems\/wp-content\/uploads\/2023\/12\/image_2023-11-23_174518604-264x300.webp\" class=\"attachment-medium size-medium wp-image-1987\" alt=\"\" srcset=\"https:\/\/www.tems-us.si\/tems\/wp-content\/uploads\/2023\/12\/image_2023-11-23_174518604-264x300.webp 264w, https:\/\/www.tems-us.si\/tems\/wp-content\/uploads\/2023\/12\/image_2023-11-23_174518604-600x682.webp 600w, https:\/\/www.tems-us.si\/tems\/wp-content\/uploads\/2023\/12\/image_2023-11-23_174518604-11x12.webp 11w, https:\/\/www.tems-us.si\/tems\/wp-content\/uploads\/2023\/12\/image_2023-11-23_174518604.webp 691w\" sizes=\"(max-width: 264px) 100vw, 264px\" \/>\t\t\t\t\t\t\t\t<\/a>\n\t\t\t\t\t\t\t\t\t\t\t\t\t\t\t<\/div>\n\t\t\t\t<\/div>\n\t\t\t\t\t<\/div>\n\t\t\t\t<\/div>\n\t\t\t\t\t<\/div>\n\t\t\t\t<\/div>\n\t\t\t\t<\/div>\n\t\t\t\t\t<\/div>\n\t\t\t\t<\/div>\n\t\t\t\t<\/div>\n\t\t","protected":false},"excerpt":{"rendered":"<p>Stikala Nadzirajte svetlobo s stilom. Na\u0161a raznolika paleta stikal prina\u0161a funkcionalnost in estetiko v va\u0161 dom ali pisarno. Pri nas boste na\u0161li popolno re\u0161itev za va\u0161e potrebe. Kot specializirani distributerji, sodelujemo z vodilnimi proizvajalci, ki zagotavljajo kakovost in zanesljivost. Z na\u0161imi stikali lahko prilagodite osvetlitev po svojem okusu. Tems-us je va\u0161a prva izbira za kakovostna [&hellip;]<\/p>\n","protected":false},"author":1,"featured_media":0,"parent":0,"menu_order":0,"comment_status":"closed","ping_status":"closed","template":"","meta":{"footnotes":""},"class_list":["post-1765","page","type-page","status-publish","hentry"],"_links":{"self":[{"href":"https:\/\/www.tems-us.si\/tems\/wp-json\/wp\/v2\/pages\/1765","targetHints":{"allow":["GET"]}}],"collection":[{"href":"https:\/\/www.tems-us.si\/tems\/wp-json\/wp\/v2\/pages"}],"about":[{"href":"https:\/\/www.tems-us.si\/tems\/wp-json\/wp\/v2\/types\/page"}],"author":[{"embeddable":true,"href":"https:\/\/www.tems-us.si\/tems\/wp-json\/wp\/v2\/users\/1"}],"replies":[{"embeddable":true,"href":"https:\/\/www.tems-us.si\/tems\/wp-json\/wp\/v2\/comments?post=1765"}],"version-history":[{"count":3,"href":"https:\/\/www.tems-us.si\/tems\/wp-json\/wp\/v2\/pages\/1765\/revisions"}],"predecessor-version":[{"id":23953,"href":"https:\/\/www.tems-us.si\/tems\/wp-json\/wp\/v2\/pages\/1765\/revisions\/23953"}],"wp:attachment":[{"href":"https:\/\/www.tems-us.si\/tems\/wp-json\/wp\/v2\/media?parent=1765"}],"curies":[{"name":"wp","href":"https:\/\/api.w.org\/{rel}","templated":true}]}}