{"id":38292,"date":"2024-11-24T09:57:44","date_gmt":"2024-11-24T08:57:44","guid":{"rendered":"https:\/\/www.tems-us.si\/tems\/product\/hogert-vecnamenske-klesce-dolge\/"},"modified":"2024-11-24T09:57:44","modified_gmt":"2024-11-24T08:57:44","slug":"hogert-vecnamenske-klesce-dolge","status":"publish","type":"product","link":"https:\/\/www.tems-us.si\/tems\/en\/product\/hogert-vecnamenske-klesce-dolge\/","title":{"rendered":"HOGERT VE\u010cNAMENSKE KLE\u0160\u010cE DOLGE"},"content":{"rendered":"<p>Ve\u010dnamenske dolge kle\u0161\u010de<br \/>Artikel se prodaja na KOS<\/p>","protected":false},"excerpt":{"rendered":"<p>HT1P244<\/p>","protected":false},"featured_media":38291,"template":"","meta":[],"product_brand":[],"product_cat":[857,802],"product_tag":[],"class_list":{"0":"post-38292","1":"product","2":"type-product","3":"status-publish","4":"has-post-thumbnail","6":"product_cat-razno-15","7":"product_cat-rocno","9":"first","10":"onbackorder","11":"taxable","12":"shipping-taxable","13":"purchasable","14":"product-type-simple"},"_links":{"self":[{"href":"https:\/\/www.tems-us.si\/tems\/en\/wp-json\/wp\/v2\/product\/38292","targetHints":{"allow":["GET"]}}],"collection":[{"href":"https:\/\/www.tems-us.si\/tems\/en\/wp-json\/wp\/v2\/product"}],"about":[{"href":"https:\/\/www.tems-us.si\/tems\/en\/wp-json\/wp\/v2\/types\/product"}],"version-history":[{"count":0,"href":"https:\/\/www.tems-us.si\/tems\/en\/wp-json\/wp\/v2\/product\/38292\/revisions"}],"wp:featuredmedia":[{"embeddable":true,"href":"https:\/\/www.tems-us.si\/tems\/en\/wp-json\/wp\/v2\/media\/38291"}],"wp:attachment":[{"href":"https:\/\/www.tems-us.si\/tems\/en\/wp-json\/wp\/v2\/media?parent=38292"}],"wp:term":[{"taxonomy":"product_brand","embeddable":true,"href":"https:\/\/www.tems-us.si\/tems\/en\/wp-json\/wp\/v2\/product_brand?post=38292"},{"taxonomy":"product_cat","embeddable":true,"href":"https:\/\/www.tems-us.si\/tems\/en\/wp-json\/wp\/v2\/product_cat?post=38292"},{"taxonomy":"product_tag","embeddable":true,"href":"https:\/\/www.tems-us.si\/tems\/en\/wp-json\/wp\/v2\/product_tag?post=38292"}],"curies":[{"name":"wp","href":"https:\/\/api.w.org\/{rel}","templated":true}]}}