{"id":38282,"date":"2024-11-24T09:57:38","date_gmt":"2024-11-24T08:57:38","guid":{"rendered":"https:\/\/www.tems-us.si\/tems\/product\/hogert-vpenjalne-klesce\/"},"modified":"2025-01-08T15:10:08","modified_gmt":"2025-01-08T14:10:08","slug":"hogert-vpenjalne-klesce","status":"publish","type":"product","link":"https:\/\/www.tems-us.si\/tems\/en\/product\/hogert-vpenjalne-klesce\/","title":{"rendered":"HOGERT VPENJALNE KLE\u0160\u010cE"},"content":{"rendered":"<p>Profesionalne stranske vpenjalne kle\u0161\u010de<br \/>Artikel se prodaja na KOS<\/p>","protected":false},"excerpt":{"rendered":"<p>HT1P246<\/p>","protected":false},"featured_media":38281,"template":"","meta":[],"product_brand":[],"product_cat":[857,802],"product_tag":[],"class_list":{"0":"post-38282","1":"product","2":"type-product","3":"status-publish","4":"has-post-thumbnail","6":"product_cat-razno-15","7":"product_cat-rocno","9":"first","10":"onbackorder","11":"taxable","12":"shipping-taxable","13":"purchasable","14":"product-type-simple"},"_links":{"self":[{"href":"https:\/\/www.tems-us.si\/tems\/en\/wp-json\/wp\/v2\/product\/38282","targetHints":{"allow":["GET"]}}],"collection":[{"href":"https:\/\/www.tems-us.si\/tems\/en\/wp-json\/wp\/v2\/product"}],"about":[{"href":"https:\/\/www.tems-us.si\/tems\/en\/wp-json\/wp\/v2\/types\/product"}],"version-history":[{"count":0,"href":"https:\/\/www.tems-us.si\/tems\/en\/wp-json\/wp\/v2\/product\/38282\/revisions"}],"wp:featuredmedia":[{"embeddable":true,"href":"https:\/\/www.tems-us.si\/tems\/en\/wp-json\/wp\/v2\/media\/38281"}],"wp:attachment":[{"href":"https:\/\/www.tems-us.si\/tems\/en\/wp-json\/wp\/v2\/media?parent=38282"}],"wp:term":[{"taxonomy":"product_brand","embeddable":true,"href":"https:\/\/www.tems-us.si\/tems\/en\/wp-json\/wp\/v2\/product_brand?post=38282"},{"taxonomy":"product_cat","embeddable":true,"href":"https:\/\/www.tems-us.si\/tems\/en\/wp-json\/wp\/v2\/product_cat?post=38282"},{"taxonomy":"product_tag","embeddable":true,"href":"https:\/\/www.tems-us.si\/tems\/en\/wp-json\/wp\/v2\/product_tag?post=38282"}],"curies":[{"name":"wp","href":"https:\/\/api.w.org\/{rel}","templated":true}]}}