{"id":19734,"date":"2024-08-06T11:11:24","date_gmt":"2024-08-06T09:11:24","guid":{"rendered":"https:\/\/www.tems-us.si\/tems\/product\/kabel-solar-h1z2z2-k-10mm-crn-solen\/"},"modified":"2025-02-25T22:02:20","modified_gmt":"2025-02-25T21:02:20","slug":"kabel-solar-h1z2z2-k-10mm-crn-solen","status":"publish","type":"product","link":"https:\/\/www.tems-us.si\/tems\/en\/product\/kabel-solar-h1z2z2-k-10mm-crn-solen\/","title":{"rendered":"KABEL SOLAR H1Z2Z2-K 10mm \u010cRN Solen"},"content":{"rendered":"<p>Kabli Solen H1Z2Z2-K Solar, skladni z EN 50618 in IEC 62930, so primerni za fotonapetostne sisteme, son\u010dne parke, stre\u0161ne sisteme in povezovanje panelov z inverterji. Primerni so za fiksne in\u0161talacije v ceveh ter notranje in zunanje aplikacije.<br \/>Artikel se prodaja na M<\/p>","protected":false},"excerpt":{"rendered":"<p>FG2110<\/p>","protected":false},"featured_media":202696,"template":"","meta":[],"product_brand":[],"product_cat":[873,821],"product_tag":[],"class_list":{"0":"post-19734","1":"product","2":"type-product","3":"status-publish","4":"has-post-thumbnail","6":"product_cat-kabli-zice","7":"product_cat-solar-kabli","9":"first","10":"instock","11":"taxable","12":"shipping-taxable","13":"purchasable","14":"product-type-simple"},"_links":{"self":[{"href":"https:\/\/www.tems-us.si\/tems\/en\/wp-json\/wp\/v2\/product\/19734","targetHints":{"allow":["GET"]}}],"collection":[{"href":"https:\/\/www.tems-us.si\/tems\/en\/wp-json\/wp\/v2\/product"}],"about":[{"href":"https:\/\/www.tems-us.si\/tems\/en\/wp-json\/wp\/v2\/types\/product"}],"version-history":[{"count":3,"href":"https:\/\/www.tems-us.si\/tems\/en\/wp-json\/wp\/v2\/product\/19734\/revisions"}],"predecessor-version":[{"id":21220,"href":"https:\/\/www.tems-us.si\/tems\/en\/wp-json\/wp\/v2\/product\/19734\/revisions\/21220"}],"wp:featuredmedia":[{"embeddable":true,"href":"https:\/\/www.tems-us.si\/tems\/en\/wp-json\/wp\/v2\/media\/202696"}],"wp:attachment":[{"href":"https:\/\/www.tems-us.si\/tems\/en\/wp-json\/wp\/v2\/media?parent=19734"}],"wp:term":[{"taxonomy":"product_brand","embeddable":true,"href":"https:\/\/www.tems-us.si\/tems\/en\/wp-json\/wp\/v2\/product_brand?post=19734"},{"taxonomy":"product_cat","embeddable":true,"href":"https:\/\/www.tems-us.si\/tems\/en\/wp-json\/wp\/v2\/product_cat?post=19734"},{"taxonomy":"product_tag","embeddable":true,"href":"https:\/\/www.tems-us.si\/tems\/en\/wp-json\/wp\/v2\/product_tag?post=19734"}],"curies":[{"name":"wp","href":"https:\/\/api.w.org\/{rel}","templated":true}]}}