{"id":19707,"date":"2024-08-06T11:10:01","date_gmt":"2024-08-06T09:10:01","guid":{"rendered":"https:\/\/www.tems-us.si\/tems\/product\/kabel-solar-h1z2z2-k-10mm-rdec-solen\/"},"modified":"2025-02-25T22:01:51","modified_gmt":"2025-02-25T21:01:51","slug":"kabel-solar-h1z2z2-k-10mm-rdec-solen","status":"publish","type":"product","link":"https:\/\/www.tems-us.si\/tems\/en\/product\/kabel-solar-h1z2z2-k-10mm-rdec-solen\/","title":{"rendered":"KABEL SOLAR H1Z2Z2-K 10mm RDE\u010c Solen"},"content":{"rendered":"<p>Kabli Solen H1Z2Z2-K Solar, skladni z EN 50618 in IEC 62930, so primerni za fotonapetostne sisteme, son\u010dne parke, stre\u0161ne sisteme in povezovanje panelov z inverterji. Primerni so za fiksne in\u0161talacije v ceveh ter notranje in zunanje aplikacije.<br \/>Artikel se prodaja na M<\/p>","protected":false},"excerpt":{"rendered":"<p>FG2110<\/p>","protected":false},"featured_media":0,"template":"","meta":[],"product_brand":[],"product_cat":[873,821],"product_tag":[],"class_list":{"0":"post-19707","1":"product","2":"type-product","3":"status-publish","5":"product_cat-kabli-zice","6":"product_cat-solar-kabli","8":"first","9":"instock","10":"taxable","11":"shipping-taxable","12":"purchasable","13":"product-type-simple"},"_links":{"self":[{"href":"https:\/\/www.tems-us.si\/tems\/en\/wp-json\/wp\/v2\/product\/19707","targetHints":{"allow":["GET"]}}],"collection":[{"href":"https:\/\/www.tems-us.si\/tems\/en\/wp-json\/wp\/v2\/product"}],"about":[{"href":"https:\/\/www.tems-us.si\/tems\/en\/wp-json\/wp\/v2\/types\/product"}],"version-history":[{"count":1,"href":"https:\/\/www.tems-us.si\/tems\/en\/wp-json\/wp\/v2\/product\/19707\/revisions"}],"predecessor-version":[{"id":19768,"href":"https:\/\/www.tems-us.si\/tems\/en\/wp-json\/wp\/v2\/product\/19707\/revisions\/19768"}],"wp:attachment":[{"href":"https:\/\/www.tems-us.si\/tems\/en\/wp-json\/wp\/v2\/media?parent=19707"}],"wp:term":[{"taxonomy":"product_brand","embeddable":true,"href":"https:\/\/www.tems-us.si\/tems\/en\/wp-json\/wp\/v2\/product_brand?post=19707"},{"taxonomy":"product_cat","embeddable":true,"href":"https:\/\/www.tems-us.si\/tems\/en\/wp-json\/wp\/v2\/product_cat?post=19707"},{"taxonomy":"product_tag","embeddable":true,"href":"https:\/\/www.tems-us.si\/tems\/en\/wp-json\/wp\/v2\/product_tag?post=19707"}],"curies":[{"name":"wp","href":"https:\/\/api.w.org\/{rel}","templated":true}]}}