{"id":19705,"date":"2024-08-06T11:09:55","date_gmt":"2024-08-06T09:09:55","guid":{"rendered":"https:\/\/www.tems-us.si\/tems\/product\/kabel-solar-h1z2z2-k-6mm-crn-solen\/"},"modified":"2025-02-25T22:01:50","modified_gmt":"2025-02-25T21:01:50","slug":"kabel-solar-h1z2z2-k-6mm-crn-solen","status":"publish","type":"product","link":"https:\/\/www.tems-us.si\/tems\/en\/product\/kabel-solar-h1z2z2-k-6mm-crn-solen\/","title":{"rendered":"KABEL SOLAR H1Z2Z2-K 6mm \u010cRN Solen"},"content":{"rendered":"<p>Kabli Solen H1Z2Z2-K Solar, skladni z EN 50618 in IEC 62930, so primerni za fotonapetostne sisteme, son\u010dne parke, stre\u0161ne sisteme in povezovanje panelov z inverterji. Primerni so za fiksne in\u0161talacije v ceveh ter notranje in zunanje aplikacije.<br \/>Artikel se prodaja na M<\/p>","protected":false},"excerpt":{"rendered":"<p>FG216<\/p>","protected":false},"featured_media":0,"template":"","meta":[],"product_brand":[],"product_cat":[873,821],"product_tag":[],"class_list":{"0":"post-19705","1":"product","2":"type-product","3":"status-publish","5":"product_cat-kabli-zice","6":"product_cat-solar-kabli","8":"first","9":"instock","10":"taxable","11":"shipping-taxable","12":"purchasable","13":"product-type-simple"},"_links":{"self":[{"href":"https:\/\/www.tems-us.si\/tems\/en\/wp-json\/wp\/v2\/product\/19705","targetHints":{"allow":["GET"]}}],"collection":[{"href":"https:\/\/www.tems-us.si\/tems\/en\/wp-json\/wp\/v2\/product"}],"about":[{"href":"https:\/\/www.tems-us.si\/tems\/en\/wp-json\/wp\/v2\/types\/product"}],"version-history":[{"count":2,"href":"https:\/\/www.tems-us.si\/tems\/en\/wp-json\/wp\/v2\/product\/19705\/revisions"}],"predecessor-version":[{"id":21276,"href":"https:\/\/www.tems-us.si\/tems\/en\/wp-json\/wp\/v2\/product\/19705\/revisions\/21276"}],"wp:attachment":[{"href":"https:\/\/www.tems-us.si\/tems\/en\/wp-json\/wp\/v2\/media?parent=19705"}],"wp:term":[{"taxonomy":"product_brand","embeddable":true,"href":"https:\/\/www.tems-us.si\/tems\/en\/wp-json\/wp\/v2\/product_brand?post=19705"},{"taxonomy":"product_cat","embeddable":true,"href":"https:\/\/www.tems-us.si\/tems\/en\/wp-json\/wp\/v2\/product_cat?post=19705"},{"taxonomy":"product_tag","embeddable":true,"href":"https:\/\/www.tems-us.si\/tems\/en\/wp-json\/wp\/v2\/product_tag?post=19705"}],"curies":[{"name":"wp","href":"https:\/\/api.w.org\/{rel}","templated":true}]}}